{"id":989575,"date":"2024-10-29T20:41:02","date_gmt":"2024-10-29T20:41:02","guid":{"rendered":"https:\/\/www.prokontrol.com.co\/register\/"},"modified":"2024-11-08T16:56:59","modified_gmt":"2024-11-08T16:56:59","slug":"register","status":"publish","type":"page","link":"https:\/\/www.prokontrol.com.co\/es_co\/register\/","title":{"rendered":"Registro"},"content":{"rendered":"\t\t<div data-elementor-type=\"wp-page\" data-elementor-id=\"989575\" class=\"elementor elementor-989575\" data-elementor-post-type=\"page\">\n\t\t\t\t<div class=\"elementor-element elementor-element-719d35ec e-flex e-con-boxed e-con e-parent\" data-id=\"719d35ec\" data-element_type=\"container\" data-e-type=\"container\">\n\t\t\t\t\t<div class=\"e-con-inner\">\n\t\t\t\t<div class=\"elementor-element elementor-element-1ddb8cb elementor-widget elementor-widget-image\" data-id=\"1ddb8cb\" data-element_type=\"widget\" data-e-type=\"widget\" data-widget_type=\"image.default\">\n\t\t\t\t\t\t\t\t\t\t\t\t\t\t\t<img decoding=\"async\" src=\"https:\/\/www.prokontrol.com.co\/wp-content\/uploads\/2024\/11\/Sin-titulo-1.jpg\" title=\"instrumentadores quirurgicos\" alt=\"instrumentadores quirurgicos\" loading=\"lazy\" \/>\t\t\t\t\t\t\t\t\t\t\t\t\t\t\t<\/div>\n\t\t\t\t<div class=\"elementor-element elementor-element-4b25d6cb elementor-widget__width-initial elementor-widget elementor-widget-shortcode\" data-id=\"4b25d6cb\" data-element_type=\"widget\" data-e-type=\"widget\" data-widget_type=\"shortcode.default\">\n\t\t\t\t\t\t\t<div class=\"elementor-shortcode\">\n<div class=\"um um-register um-989569\">\n\t<div class=\"um-form\" data-mode=\"register\">\n\t\t<form method=\"post\" action=\"\">\n\t\t\t<div class=\"um-row _um_row_1 \" style=\"margin: 0 0 30px 0;\"><div class=\"um-col-1\"><div  id=\"um_field_989569_first_name\" class=\"um-field um-field-text  um-field-first_name um-field-text um-field-type_text\" data-key=\"first_name\"><div class=\"um-field-label\"><label for=\"first_name-989569\">Nombre<\/label><div class=\"um-clear\"><\/div><\/div><div class=\"um-field-area\"><input  autocomplete=\"off\" class=\"um-form-field valid \" type=\"text\" name=\"first_name-989569\" id=\"first_name-989569\" value=\"\" placeholder=\"\" data-validate=\"\" data-key=\"first_name\"  aria-invalid=\"false\" \/>\n\n\t\t\t\t\t\t<\/div><\/div><div  id=\"um_field_989569_last_name\" class=\"um-field um-field-text  um-field-last_name um-field-text um-field-type_text\" data-key=\"last_name\"><div class=\"um-field-label\"><label for=\"last_name-989569\">Apellidos<\/label><div class=\"um-clear\"><\/div><\/div><div class=\"um-field-area\"><input  autocomplete=\"off\" class=\"um-form-field valid \" type=\"text\" name=\"last_name-989569\" id=\"last_name-989569\" value=\"\" placeholder=\"\" data-validate=\"\" data-key=\"last_name\"  aria-invalid=\"false\" \/>\n\n\t\t\t\t\t\t<\/div><\/div><div  id=\"um_field_989569_user_email\" class=\"um-field um-field-text  um-field-user_email um-field-text um-field-type_text\" data-key=\"user_email\"><div class=\"um-field-label\"><label for=\"user_email-989569\">Correo electr\u00f3nico<\/label><div class=\"um-clear\"><\/div><\/div><div class=\"um-field-area\"><input  autocomplete=\"off\" class=\"um-form-field valid \" type=\"text\" name=\"user_email-989569\" id=\"user_email-989569\" value=\"\" placeholder=\"\" data-validate=\"unique_email\" data-key=\"user_email\"  aria-invalid=\"false\" \/>\n\n\t\t\t\t\t\t<\/div><\/div><div  id=\"um_field_989569_user_password\" class=\"um-field um-field-password  um-field-user_password um-field-password um-field-type_password\" data-key=\"user_password\"><div class=\"um-field-label\"><label for=\"user_password-989569\">Contrase\u00f1a<\/label><div class=\"um-clear\"><\/div><\/div><div class=\"um-field-area\"><input class=\"um-form-field valid \" type=\"password\" name=\"user_password-989569\" id=\"user_password-989569\" value=\"\" placeholder=\"\" data-validate=\"\" data-key=\"user_password\"  aria-invalid=\"false\" \/>\n\n\t\t\t\t\t\t\t<\/div><\/div><div  id=\"um_field_989569_confirm_user_password\" class=\"um-field um-field-password  um-field-user_password um-field-password um-field-type_password\" data-key=\"confirm_user_password\"><div class=\"um-field-label\"><label for=\"confirm_user_password-989569\">Confirmar Contrase\u00f1a<\/label><div class=\"um-clear\"><\/div><\/div><div class=\"um-field-area\"><input class=\"um-form-field valid \" type=\"password\" name=\"confirm_user_password-989569\" id=\"confirm_user_password-989569\" value=\"\" placeholder=\"Confirmar Contrase\u00f1a\" data-validate=\"\" data-key=\"confirm_user_password\"  aria-invalid=\"false\" \/><\/div><\/div><div  id=\"um_field_989569_proteccion_datos\" class=\"um-field um-field-checkbox  um-field-proteccion_datos um-field-checkbox um-field-type_checkbox\" data-key=\"proteccion_datos\"  aria-invalid=\"false\" ><div class=\"um-field-label\"><label for=\"proteccion_datos-989569\">Protecci\u00f3n de datos<\/label><div class=\"um-clear\"><\/div><\/div><div class=\"um-field-area\"><label class=\"um-field-checkbox  um-field-half  um-field-radio-state-disabled\"><input   type=\"checkbox\" name=\"proteccion_datos[]\" value=\"He le\u00eddo y acepto la pol\u00edtica de privacidad\"  \/><span class=\"um-field-checkbox-state\"><i class=\"um-icon-android-checkbox-outline-blank\"><\/i><\/span><span class=\"um-field-checkbox-option\">He le\u00eddo y acepto la pol\u00edtica de privacidad<\/span><\/label><div class=\"um-clear\"><\/div><\/div><\/div><\/div><\/div>\t<input type=\"hidden\" name=\"form_id\" id=\"form_id_989569\" value=\"989569\" \/>\n\t\t<p class=\"um_request_name\">\n\t\t<label for=\"um_request_989569\">Only fill in if you are not human<\/label>\n\t\t<input type=\"hidden\" name=\"um_request\" id=\"um_request_989569\" class=\"input\" value=\"\" size=\"25\" autocomplete=\"off\" \/>\n\t<\/p>\n\t<input type=\"hidden\" id=\"_wpnonce\" name=\"_wpnonce\" value=\"238d5d69f1\" \/><input type=\"hidden\" name=\"_wp_http_referer\" value=\"\/es_co\/wp-json\/wp\/v2\/pages\/989575\" \/>\n\t<div class=\"um-col-alt\">\n\n\t\t\n\t\t\t<div class=\"um-left um-half\">\n\t\t\t\t<input type=\"submit\" value=\"Registro\" class=\"um-button\" id=\"um-submit-btn\" \/>\n\t\t\t<\/div>\n\t\t\t<div class=\"um-right um-half\">\n\t\t\t\t<a href=\"https:\/\/www.prokontrol.com.co\/es_co\/login\/\" class=\"um-button um-alt\">\n\t\t\t\t\tIniciar sesi\u00f3n\t\t\t\t<\/a>\n\t\t\t<\/div>\n\n\t\t\n\t\t<div class=\"um-clear\"><\/div>\n\n\t<\/div>\n\n\t\t\t<\/form>\n\t<\/div>\n<\/div>\n<style>\n\t\t\t.um-989569.um {\n\t\t\tmax-width: 450px;\n\t\t}\n\t\t<\/style>\n<\/div>\n\t\t\t\t\t\t<\/div>\n\t\t\t\t\t<\/div>\n\t\t\t\t<\/div>\n\t\t\t\t<\/div>\n\t\t","protected":false},"excerpt":{"rendered":"","protected":false},"author":3,"featured_media":0,"parent":0,"menu_order":0,"comment_status":"closed","ping_status":"closed","template":"","meta":{"om_disable_all_campaigns":false,"_monsterinsights_skip_tracking":false,"_monsterinsights_sitenote_active":false,"_monsterinsights_sitenote_note":"","_monsterinsights_sitenote_category":0,"_uf_show_specific_survey":0,"_uf_disable_surveys":false,"footnotes":""},"class_list":["post-989575","page","type-page","status-publish","hentry"],"aioseo_notices":[],"yoast_head":"<!-- This site is optimized with the Yoast SEO Premium plugin v21.5 (Yoast SEO v27.4) - https:\/\/yoast.com\/product\/yoast-seo-premium-wordpress\/ -->\n<title>Registro - Prokontrol<\/title>\n<meta name=\"robots\" content=\"index, follow, max-snippet:-1, max-image-preview:large, max-video-preview:-1\" \/>\n<link rel=\"canonical\" href=\"https:\/\/www.prokontrol.com.co\/es_co\/register\/\" \/>\n<meta property=\"og:locale\" content=\"es_ES\" \/>\n<meta property=\"og:type\" content=\"article\" \/>\n<meta property=\"og:title\" content=\"Registro\" \/>\n<meta property=\"og:url\" content=\"https:\/\/www.prokontrol.com.co\/es_co\/register\/\" \/>\n<meta property=\"og:site_name\" content=\"Prokontrol\" \/>\n<meta property=\"article:publisher\" content=\"https:\/\/www.facebook.com\/prokontrol.colombia\/\" \/>\n<meta property=\"article:modified_time\" content=\"2024-11-08T16:56:59+00:00\" \/>\n<meta property=\"og:image\" content=\"https:\/\/www.prokontrol.com.co\/wp-content\/uploads\/2024\/11\/Sin-titulo-1.jpg\" \/>\n<meta name=\"twitter:card\" content=\"summary_large_image\" \/>\n<meta name=\"twitter:label1\" content=\"Tiempo de lectura\" \/>\n\t<meta name=\"twitter:data1\" content=\"1 minuto\" \/>\n<script type=\"application\/ld+json\" class=\"yoast-schema-graph\">{\"@context\":\"https:\\\/\\\/schema.org\",\"@graph\":[{\"@type\":\"WebPage\",\"@id\":\"https:\\\/\\\/www.prokontrol.com.co\\\/register\\\/\",\"url\":\"https:\\\/\\\/www.prokontrol.com.co\\\/register\\\/\",\"name\":\"Registro - Prokontrol\",\"isPartOf\":{\"@id\":\"https:\\\/\\\/www.prokontrol.com.co\\\/#website\"},\"primaryImageOfPage\":{\"@id\":\"https:\\\/\\\/www.prokontrol.com.co\\\/register\\\/#primaryimage\"},\"image\":{\"@id\":\"https:\\\/\\\/www.prokontrol.com.co\\\/register\\\/#primaryimage\"},\"thumbnailUrl\":\"https:\\\/\\\/www.prokontrol.com.co\\\/wp-content\\\/uploads\\\/2024\\\/11\\\/Sin-titulo-1.jpg\",\"datePublished\":\"2024-10-29T20:41:02+00:00\",\"dateModified\":\"2024-11-08T16:56:59+00:00\",\"breadcrumb\":{\"@id\":\"https:\\\/\\\/www.prokontrol.com.co\\\/register\\\/#breadcrumb\"},\"inLanguage\":\"es-CO\",\"potentialAction\":[{\"@type\":\"ReadAction\",\"target\":[\"https:\\\/\\\/www.prokontrol.com.co\\\/register\\\/\"]}]},{\"@type\":\"ImageObject\",\"inLanguage\":\"es-CO\",\"@id\":\"https:\\\/\\\/www.prokontrol.com.co\\\/register\\\/#primaryimage\",\"url\":\"https:\\\/\\\/www.prokontrol.com.co\\\/wp-content\\\/uploads\\\/2024\\\/11\\\/Sin-titulo-1.jpg\",\"contentUrl\":\"https:\\\/\\\/www.prokontrol.com.co\\\/wp-content\\\/uploads\\\/2024\\\/11\\\/Sin-titulo-1.jpg\"},{\"@type\":\"BreadcrumbList\",\"@id\":\"https:\\\/\\\/www.prokontrol.com.co\\\/register\\\/#breadcrumb\",\"itemListElement\":[{\"@type\":\"ListItem\",\"position\":1,\"name\":\"Inicio\",\"item\":\"https:\\\/\\\/www.prokontrol.com.co\\\/\"},{\"@type\":\"ListItem\",\"position\":2,\"name\":\"Registro\"}]},{\"@type\":\"WebSite\",\"@id\":\"https:\\\/\\\/www.prokontrol.com.co\\\/#website\",\"url\":\"https:\\\/\\\/www.prokontrol.com.co\\\/\",\"name\":\"Prokontrol\",\"description\":\"Prokontrol SAS es el resultado de una alianza estrat\u00e9gica entre profesionales del \u00e1rea de la salud con una amplia trayectoria, experiencia y prestigio en la comercializaci\u00f3n e implementaci\u00f3n de productos m\u00e9dico-quir\u00fargicos y hospitalarios.\",\"publisher\":{\"@id\":\"https:\\\/\\\/www.prokontrol.com.co\\\/#organization\"},\"potentialAction\":[{\"@type\":\"SearchAction\",\"target\":{\"@type\":\"EntryPoint\",\"urlTemplate\":\"https:\\\/\\\/www.prokontrol.com.co\\\/?s={search_term_string}\"},\"query-input\":{\"@type\":\"PropertyValueSpecification\",\"valueRequired\":true,\"valueName\":\"search_term_string\"}}],\"inLanguage\":\"es-CO\"},{\"@type\":\"Organization\",\"@id\":\"https:\\\/\\\/www.prokontrol.com.co\\\/#organization\",\"name\":\"Prokontrol\",\"url\":\"https:\\\/\\\/www.prokontrol.com.co\\\/\",\"logo\":{\"@type\":\"ImageObject\",\"inLanguage\":\"es-CO\",\"@id\":\"https:\\\/\\\/www.prokontrol.com.co\\\/#\\\/schema\\\/logo\\\/image\\\/\",\"url\":\"https:\\\/\\\/www.prokontrol.com.co\\\/wp-content\\\/uploads\\\/2023\\\/03\\\/cropped-logo-color.png\",\"contentUrl\":\"https:\\\/\\\/www.prokontrol.com.co\\\/wp-content\\\/uploads\\\/2023\\\/03\\\/cropped-logo-color.png\",\"width\":1051,\"height\":313,\"caption\":\"Prokontrol\"},\"image\":{\"@id\":\"https:\\\/\\\/www.prokontrol.com.co\\\/#\\\/schema\\\/logo\\\/image\\\/\"},\"sameAs\":[\"https:\\\/\\\/www.facebook.com\\\/prokontrol.colombia\\\/\",\"https:\\\/\\\/www.linkedin.com\\\/company\\\/prokontrol-sas\\\/?originalSubdomain=co\"]}]}<\/script>\n<!-- \/ Yoast SEO Premium plugin. -->","yoast_head_json":{"title":"Registro - Prokontrol","robots":{"index":"index","follow":"follow","max-snippet":"max-snippet:-1","max-image-preview":"max-image-preview:large","max-video-preview":"max-video-preview:-1"},"canonical":"https:\/\/www.prokontrol.com.co\/es_co\/register\/","og_locale":"es_ES","og_type":"article","og_title":"Registro","og_url":"https:\/\/www.prokontrol.com.co\/es_co\/register\/","og_site_name":"Prokontrol","article_publisher":"https:\/\/www.facebook.com\/prokontrol.colombia\/","article_modified_time":"2024-11-08T16:56:59+00:00","og_image":[{"url":"https:\/\/www.prokontrol.com.co\/wp-content\/uploads\/2024\/11\/Sin-titulo-1.jpg","type":"","width":"","height":""}],"twitter_card":"summary_large_image","twitter_misc":{"Tiempo de lectura":"1 minuto"},"schema":{"@context":"https:\/\/schema.org","@graph":[{"@type":"WebPage","@id":"https:\/\/www.prokontrol.com.co\/register\/","url":"https:\/\/www.prokontrol.com.co\/register\/","name":"Registro - Prokontrol","isPartOf":{"@id":"https:\/\/www.prokontrol.com.co\/#website"},"primaryImageOfPage":{"@id":"https:\/\/www.prokontrol.com.co\/register\/#primaryimage"},"image":{"@id":"https:\/\/www.prokontrol.com.co\/register\/#primaryimage"},"thumbnailUrl":"https:\/\/www.prokontrol.com.co\/wp-content\/uploads\/2024\/11\/Sin-titulo-1.jpg","datePublished":"2024-10-29T20:41:02+00:00","dateModified":"2024-11-08T16:56:59+00:00","breadcrumb":{"@id":"https:\/\/www.prokontrol.com.co\/register\/#breadcrumb"},"inLanguage":"es-CO","potentialAction":[{"@type":"ReadAction","target":["https:\/\/www.prokontrol.com.co\/register\/"]}]},{"@type":"ImageObject","inLanguage":"es-CO","@id":"https:\/\/www.prokontrol.com.co\/register\/#primaryimage","url":"https:\/\/www.prokontrol.com.co\/wp-content\/uploads\/2024\/11\/Sin-titulo-1.jpg","contentUrl":"https:\/\/www.prokontrol.com.co\/wp-content\/uploads\/2024\/11\/Sin-titulo-1.jpg"},{"@type":"BreadcrumbList","@id":"https:\/\/www.prokontrol.com.co\/register\/#breadcrumb","itemListElement":[{"@type":"ListItem","position":1,"name":"Inicio","item":"https:\/\/www.prokontrol.com.co\/"},{"@type":"ListItem","position":2,"name":"Registro"}]},{"@type":"WebSite","@id":"https:\/\/www.prokontrol.com.co\/#website","url":"https:\/\/www.prokontrol.com.co\/","name":"Prokontrol","description":"Prokontrol SAS es el resultado de una alianza estrat\u00e9gica entre profesionales del \u00e1rea de la salud con una amplia trayectoria, experiencia y prestigio en la comercializaci\u00f3n e implementaci\u00f3n de productos m\u00e9dico-quir\u00fargicos y hospitalarios.","publisher":{"@id":"https:\/\/www.prokontrol.com.co\/#organization"},"potentialAction":[{"@type":"SearchAction","target":{"@type":"EntryPoint","urlTemplate":"https:\/\/www.prokontrol.com.co\/?s={search_term_string}"},"query-input":{"@type":"PropertyValueSpecification","valueRequired":true,"valueName":"search_term_string"}}],"inLanguage":"es-CO"},{"@type":"Organization","@id":"https:\/\/www.prokontrol.com.co\/#organization","name":"Prokontrol","url":"https:\/\/www.prokontrol.com.co\/","logo":{"@type":"ImageObject","inLanguage":"es-CO","@id":"https:\/\/www.prokontrol.com.co\/#\/schema\/logo\/image\/","url":"https:\/\/www.prokontrol.com.co\/wp-content\/uploads\/2023\/03\/cropped-logo-color.png","contentUrl":"https:\/\/www.prokontrol.com.co\/wp-content\/uploads\/2023\/03\/cropped-logo-color.png","width":1051,"height":313,"caption":"Prokontrol"},"image":{"@id":"https:\/\/www.prokontrol.com.co\/#\/schema\/logo\/image\/"},"sameAs":["https:\/\/www.facebook.com\/prokontrol.colombia\/","https:\/\/www.linkedin.com\/company\/prokontrol-sas\/?originalSubdomain=co"]}]}},"_links":{"self":[{"href":"https:\/\/www.prokontrol.com.co\/es_co\/wp-json\/wp\/v2\/pages\/989575","targetHints":{"allow":["GET"]}}],"collection":[{"href":"https:\/\/www.prokontrol.com.co\/es_co\/wp-json\/wp\/v2\/pages"}],"about":[{"href":"https:\/\/www.prokontrol.com.co\/es_co\/wp-json\/wp\/v2\/types\/page"}],"author":[{"embeddable":true,"href":"https:\/\/www.prokontrol.com.co\/es_co\/wp-json\/wp\/v2\/users\/3"}],"replies":[{"embeddable":true,"href":"https:\/\/www.prokontrol.com.co\/es_co\/wp-json\/wp\/v2\/comments?post=989575"}],"version-history":[{"count":6,"href":"https:\/\/www.prokontrol.com.co\/es_co\/wp-json\/wp\/v2\/pages\/989575\/revisions"}],"predecessor-version":[{"id":989671,"href":"https:\/\/www.prokontrol.com.co\/es_co\/wp-json\/wp\/v2\/pages\/989575\/revisions\/989671"}],"wp:attachment":[{"href":"https:\/\/www.prokontrol.com.co\/es_co\/wp-json\/wp\/v2\/media?parent=989575"}],"curies":[{"name":"wp","href":"https:\/\/api.w.org\/{rel}","templated":true}]}}