{"id":989579,"date":"2024-10-29T20:41:04","date_gmt":"2024-10-29T20:41:04","guid":{"rendered":"https:\/\/www.prokontrol.com.co\/password-reset\/"},"modified":"2024-11-08T20:12:27","modified_gmt":"2024-11-08T20:12:27","slug":"password-reset","status":"publish","type":"page","link":"https:\/\/www.prokontrol.com.co\/en\/password-reset\/","title":{"rendered":"Restablecer la contrase\u00f1a"},"content":{"rendered":"<div data-elementor-type=\"wp-page\" data-elementor-id=\"989579\" class=\"elementor elementor-989579\" data-elementor-post-type=\"page\">\n\t\t\t\t<div class=\"elementor-element elementor-element-1075e862 e-flex e-con-boxed e-con e-parent\" data-id=\"1075e862\" data-element_type=\"container\" data-e-type=\"container\">\n\t\t\t\t\t<div class=\"e-con-inner\">\n\t\t\t\t<div class=\"elementor-element elementor-element-4da417bb elementor-widget__width-initial elementor-widget elementor-widget-shortcode\" data-id=\"4da417bb\" data-element_type=\"widget\" data-e-type=\"widget\" data-widget_type=\"shortcode.default\">\n\t\t\t\t\t\t\t<div class=\"elementor-shortcode\"><div class=\"um um-password um-um_password_id\">\n\t<div class=\"um-form\">\n\t\t<form method=\"post\" action=\"\" data-trp-original-action=\"\">\n\t\t\t\n\t\t\t\t<input type=\"hidden\" name=\"_um_password_reset\" id=\"_um_password_reset\" value=\"1\" \/>\n\n\t\t\t\t\t\t\t\t\t<div class=\"um-field um-field-block um-field-type_block\">\n\t\t\t\t\t\t<div class=\"um-field-block\">\n\t\t\t\t\t\t\t<div style=\"text-align:center;\">\n\t\t\t\t\t\t\t\tTo reset your password, please enter your email address or username below.\t\t\t\t\t\t\t<\/div>\n\t\t\t\t\t\t<\/div>\n\t\t\t\t\t<\/div>\n\t\t\t\t\t<div  id=\"um_field_0_username_b\" class=\"um-field um-field-text  um-field-username_b um-field-text um-field-type_text\" data-key=\"username_b\"><div class=\"um-field-area\"><input  autocomplete=\"off\" class=\"um-form-field valid\" type=\"text\" name=\"username_b\" id=\"username_b\" value=\"\" placeholder=\"Enter your username or email\" data-validate=\"\" data-key=\"username_b\"  aria-invalid=\"false\" \/>\n\n\t\t\t\t\t\t<\/div><\/div>\t\t\t\t<div class=\"um-col-alt um-col-alt-b\">\n\t\t\t\t\t<div class=\"um-center\">\n\t\t\t\t\t\t<input type=\"submit\" value=\"Reset password\" class=\"um-button\" id=\"um-submit-btn\" \/>\n\t\t\t\t\t<\/div>\n\t\t\t\t\t<div class=\"um-clear\"><\/div>\n\t\t\t\t<\/div>\n\t\t\t\t\t<input type=\"hidden\" name=\"form_id\" id=\"form_id_um_password_id\" value=\"um_password_id\" \/>\n\t\t<p class=\"um_request_name\">\n\t\t<label for=\"um_request_um_password_id\">Only fill in if you are not human<\/label>\n\t\t<input type=\"hidden\" name=\"um_request\" id=\"um_request_um_password_id\" class=\"input\" value=\"\" size=\"25\" autocomplete=\"off\" \/>\n\t<\/p>\n\t\t\t<input type=\"hidden\" name=\"trp-form-language\" value=\"en\"\/><\/form>\n\t<\/div>\n<\/div>\n<style>\n\t\t\t.um-um_password_id.um {\n\t\t\tmax-width: 450px;\n\t\t}\n\t\t<\/style>\n<\/div>\n\t\t\t\t\t\t<\/div>\n\t\t\t\t\t<\/div>\n\t\t\t\t<\/div>\n\t\t\t\t<\/div>","protected":false},"excerpt":{"rendered":"","protected":false},"author":3,"featured_media":0,"parent":0,"menu_order":0,"comment_status":"closed","ping_status":"closed","template":"","meta":{"om_disable_all_campaigns":false,"_monsterinsights_skip_tracking":false,"_monsterinsights_sitenote_active":false,"_monsterinsights_sitenote_note":"","_monsterinsights_sitenote_category":0,"_uf_show_specific_survey":0,"_uf_disable_surveys":false,"footnotes":""},"class_list":["post-989579","page","type-page","status-publish","hentry"],"aioseo_notices":[],"yoast_head":"<!-- This site is optimized with the Yoast SEO Premium plugin v21.5 (Yoast SEO v27.4) - https:\/\/yoast.com\/product\/yoast-seo-premium-wordpress\/ -->\n<title>Restablecer la contrase\u00f1a - Prokontrol<\/title>\n<meta name=\"robots\" content=\"index, follow, max-snippet:-1, max-image-preview:large, max-video-preview:-1\" \/>\n<link rel=\"canonical\" href=\"https:\/\/www.prokontrol.com.co\/en\/password-reset\/\" \/>\n<meta property=\"og:locale\" content=\"en_US\" \/>\n<meta property=\"og:type\" content=\"article\" \/>\n<meta property=\"og:title\" content=\"Restablecer la contrase\u00f1a\" \/>\n<meta property=\"og:url\" content=\"https:\/\/www.prokontrol.com.co\/en\/password-reset\/\" \/>\n<meta property=\"og:site_name\" content=\"Prokontrol\" \/>\n<meta property=\"article:publisher\" content=\"https:\/\/www.facebook.com\/prokontrol.colombia\/\" \/>\n<meta property=\"article:modified_time\" content=\"2024-11-08T20:12:27+00:00\" \/>\n<meta property=\"og:image\" content=\"https:\/\/www.prokontrol.com.co\/wp-content\/uploads\/2024\/08\/descarga-1.jpg\" \/>\n\t<meta property=\"og:image:width\" content=\"1600\" \/>\n\t<meta property=\"og:image:height\" content=\"819\" \/>\n\t<meta property=\"og:image:type\" content=\"image\/jpeg\" \/>\n<meta name=\"twitter:card\" content=\"summary_large_image\" \/>\n<script type=\"application\/ld+json\" class=\"yoast-schema-graph\">{\"@context\":\"https:\\\/\\\/schema.org\",\"@graph\":[{\"@type\":\"WebPage\",\"@id\":\"https:\\\/\\\/www.prokontrol.com.co\\\/password-reset\\\/\",\"url\":\"https:\\\/\\\/www.prokontrol.com.co\\\/password-reset\\\/\",\"name\":\"Restablecer la contrase\u00f1a - Prokontrol\",\"isPartOf\":{\"@id\":\"https:\\\/\\\/www.prokontrol.com.co\\\/#website\"},\"datePublished\":\"2024-10-29T20:41:04+00:00\",\"dateModified\":\"2024-11-08T20:12:27+00:00\",\"breadcrumb\":{\"@id\":\"https:\\\/\\\/www.prokontrol.com.co\\\/password-reset\\\/#breadcrumb\"},\"inLanguage\":\"en-US\",\"potentialAction\":[{\"@type\":\"ReadAction\",\"target\":[\"https:\\\/\\\/www.prokontrol.com.co\\\/password-reset\\\/\"]}]},{\"@type\":\"BreadcrumbList\",\"@id\":\"https:\\\/\\\/www.prokontrol.com.co\\\/password-reset\\\/#breadcrumb\",\"itemListElement\":[{\"@type\":\"ListItem\",\"position\":1,\"name\":\"Inicio\",\"item\":\"https:\\\/\\\/www.prokontrol.com.co\\\/\"},{\"@type\":\"ListItem\",\"position\":2,\"name\":\"Restablecer la contrase\u00f1a\"}]},{\"@type\":\"WebSite\",\"@id\":\"https:\\\/\\\/www.prokontrol.com.co\\\/#website\",\"url\":\"https:\\\/\\\/www.prokontrol.com.co\\\/\",\"name\":\"Prokontrol\",\"description\":\"Prokontrol SAS es el resultado de una alianza estrat\u00e9gica entre profesionales del \u00e1rea de la salud con una amplia trayectoria, experiencia y prestigio en la comercializaci\u00f3n e implementaci\u00f3n de productos m\u00e9dico-quir\u00fargicos y hospitalarios.\",\"publisher\":{\"@id\":\"https:\\\/\\\/www.prokontrol.com.co\\\/#organization\"},\"potentialAction\":[{\"@type\":\"SearchAction\",\"target\":{\"@type\":\"EntryPoint\",\"urlTemplate\":\"https:\\\/\\\/www.prokontrol.com.co\\\/?s={search_term_string}\"},\"query-input\":{\"@type\":\"PropertyValueSpecification\",\"valueRequired\":true,\"valueName\":\"search_term_string\"}}],\"inLanguage\":\"en-US\"},{\"@type\":\"Organization\",\"@id\":\"https:\\\/\\\/www.prokontrol.com.co\\\/#organization\",\"name\":\"Prokontrol\",\"url\":\"https:\\\/\\\/www.prokontrol.com.co\\\/\",\"logo\":{\"@type\":\"ImageObject\",\"inLanguage\":\"en-US\",\"@id\":\"https:\\\/\\\/www.prokontrol.com.co\\\/#\\\/schema\\\/logo\\\/image\\\/\",\"url\":\"https:\\\/\\\/www.prokontrol.com.co\\\/wp-content\\\/uploads\\\/2023\\\/03\\\/cropped-logo-color.png\",\"contentUrl\":\"https:\\\/\\\/www.prokontrol.com.co\\\/wp-content\\\/uploads\\\/2023\\\/03\\\/cropped-logo-color.png\",\"width\":1051,\"height\":313,\"caption\":\"Prokontrol\"},\"image\":{\"@id\":\"https:\\\/\\\/www.prokontrol.com.co\\\/#\\\/schema\\\/logo\\\/image\\\/\"},\"sameAs\":[\"https:\\\/\\\/www.facebook.com\\\/prokontrol.colombia\\\/\",\"https:\\\/\\\/www.linkedin.com\\\/company\\\/prokontrol-sas\\\/?originalSubdomain=co\"]}]}<\/script>\n<!-- \/ Yoast SEO Premium plugin. -->","yoast_head_json":{"title":"Restablecer la contrase\u00f1a - Prokontrol","robots":{"index":"index","follow":"follow","max-snippet":"max-snippet:-1","max-image-preview":"max-image-preview:large","max-video-preview":"max-video-preview:-1"},"canonical":"https:\/\/www.prokontrol.com.co\/en\/password-reset\/","og_locale":"en_US","og_type":"article","og_title":"Restablecer la contrase\u00f1a","og_url":"https:\/\/www.prokontrol.com.co\/en\/password-reset\/","og_site_name":"Prokontrol","article_publisher":"https:\/\/www.facebook.com\/prokontrol.colombia\/","article_modified_time":"2024-11-08T20:12:27+00:00","og_image":[{"width":1600,"height":819,"url":"https:\/\/www.prokontrol.com.co\/wp-content\/uploads\/2024\/08\/descarga-1.jpg","type":"image\/jpeg"}],"twitter_card":"summary_large_image","schema":{"@context":"https:\/\/schema.org","@graph":[{"@type":"WebPage","@id":"https:\/\/www.prokontrol.com.co\/password-reset\/","url":"https:\/\/www.prokontrol.com.co\/password-reset\/","name":"Restablecer la contrase\u00f1a - Prokontrol","isPartOf":{"@id":"https:\/\/www.prokontrol.com.co\/#website"},"datePublished":"2024-10-29T20:41:04+00:00","dateModified":"2024-11-08T20:12:27+00:00","breadcrumb":{"@id":"https:\/\/www.prokontrol.com.co\/password-reset\/#breadcrumb"},"inLanguage":"en-US","potentialAction":[{"@type":"ReadAction","target":["https:\/\/www.prokontrol.com.co\/password-reset\/"]}]},{"@type":"BreadcrumbList","@id":"https:\/\/www.prokontrol.com.co\/password-reset\/#breadcrumb","itemListElement":[{"@type":"ListItem","position":1,"name":"Inicio","item":"https:\/\/www.prokontrol.com.co\/"},{"@type":"ListItem","position":2,"name":"Restablecer la contrase\u00f1a"}]},{"@type":"WebSite","@id":"https:\/\/www.prokontrol.com.co\/#website","url":"https:\/\/www.prokontrol.com.co\/","name":"Prokontrol","description":"Prokontrol SAS es el resultado de una alianza estrat\u00e9gica entre profesionales del \u00e1rea de la salud con una amplia trayectoria, experiencia y prestigio en la comercializaci\u00f3n e implementaci\u00f3n de productos m\u00e9dico-quir\u00fargicos y hospitalarios.","publisher":{"@id":"https:\/\/www.prokontrol.com.co\/#organization"},"potentialAction":[{"@type":"SearchAction","target":{"@type":"EntryPoint","urlTemplate":"https:\/\/www.prokontrol.com.co\/?s={search_term_string}"},"query-input":{"@type":"PropertyValueSpecification","valueRequired":true,"valueName":"search_term_string"}}],"inLanguage":"en-US"},{"@type":"Organization","@id":"https:\/\/www.prokontrol.com.co\/#organization","name":"Prokontrol","url":"https:\/\/www.prokontrol.com.co\/","logo":{"@type":"ImageObject","inLanguage":"en-US","@id":"https:\/\/www.prokontrol.com.co\/#\/schema\/logo\/image\/","url":"https:\/\/www.prokontrol.com.co\/wp-content\/uploads\/2023\/03\/cropped-logo-color.png","contentUrl":"https:\/\/www.prokontrol.com.co\/wp-content\/uploads\/2023\/03\/cropped-logo-color.png","width":1051,"height":313,"caption":"Prokontrol"},"image":{"@id":"https:\/\/www.prokontrol.com.co\/#\/schema\/logo\/image\/"},"sameAs":["https:\/\/www.facebook.com\/prokontrol.colombia\/","https:\/\/www.linkedin.com\/company\/prokontrol-sas\/?originalSubdomain=co"]}]}},"_links":{"self":[{"href":"https:\/\/www.prokontrol.com.co\/en\/wp-json\/wp\/v2\/pages\/989579","targetHints":{"allow":["GET"]}}],"collection":[{"href":"https:\/\/www.prokontrol.com.co\/en\/wp-json\/wp\/v2\/pages"}],"about":[{"href":"https:\/\/www.prokontrol.com.co\/en\/wp-json\/wp\/v2\/types\/page"}],"author":[{"embeddable":true,"href":"https:\/\/www.prokontrol.com.co\/en\/wp-json\/wp\/v2\/users\/3"}],"replies":[{"embeddable":true,"href":"https:\/\/www.prokontrol.com.co\/en\/wp-json\/wp\/v2\/comments?post=989579"}],"version-history":[{"count":6,"href":"https:\/\/www.prokontrol.com.co\/en\/wp-json\/wp\/v2\/pages\/989579\/revisions"}],"predecessor-version":[{"id":989690,"href":"https:\/\/www.prokontrol.com.co\/en\/wp-json\/wp\/v2\/pages\/989579\/revisions\/989690"}],"wp:attachment":[{"href":"https:\/\/www.prokontrol.com.co\/en\/wp-json\/wp\/v2\/media?parent=989579"}],"curies":[{"name":"wp","href":"https:\/\/api.w.org\/{rel}","templated":true}]}}