{"id":989574,"date":"2024-10-29T20:41:01","date_gmt":"2024-10-29T20:41:01","guid":{"rendered":"https:\/\/www.prokontrol.com.co\/login\/"},"modified":"2024-11-08T16:55:06","modified_gmt":"2024-11-08T16:55:06","slug":"login","status":"publish","type":"page","link":"https:\/\/www.prokontrol.com.co\/en\/login\/","title":{"rendered":"Login- Punto quir\u00fargico"},"content":{"rendered":"<div data-elementor-type=\"wp-page\" data-elementor-id=\"989574\" class=\"elementor elementor-989574\" data-elementor-post-type=\"page\">\n\t\t\t\t<div class=\"elementor-element elementor-element-5c6e8a13 e-flex e-con-boxed e-con e-parent\" data-id=\"5c6e8a13\" data-element_type=\"container\" data-e-type=\"container\">\n\t\t\t\t\t<div class=\"e-con-inner\">\n\t\t\t\t<div class=\"elementor-element elementor-element-ecaf46e elementor-widget elementor-widget-image\" data-id=\"ecaf46e\" data-element_type=\"widget\" data-e-type=\"widget\" data-widget_type=\"image.default\">\n\t\t\t\t\t\t\t\t\t\t\t\t\t\t\t<img decoding=\"async\" src=\"https:\/\/www.prokontrol.com.co\/wp-content\/uploads\/2024\/11\/Sin-titulo-1.jpg\" title=\"instrumentadores quirurgicos\" alt=\"instrumentadores quirurgicos\" loading=\"lazy\" \/>\t\t\t\t\t\t\t\t\t\t\t\t\t\t\t<\/div>\n\t\t\t\t<div class=\"elementor-element elementor-element-53584d7d elementor-widget__width-initial elementor-widget elementor-widget-shortcode\" data-id=\"53584d7d\" data-element_type=\"widget\" data-e-type=\"widget\" data-widget_type=\"shortcode.default\">\n\t\t\t\t\t\t\t<div class=\"elementor-shortcode\">\n<div class=\"um um-login um-989570\">\n\t<div class=\"um-form\">\n\t\t<form method=\"post\" action=\"\" autocomplete=\"off\" data-trp-original-action=\"\">\n\t\t\t<div class=\"um-row _um_row_1\" style=\"margin: 0 0 30px 0;\"><div class=\"um-col-1\"><div  id=\"um_field_989570_username\" class=\"um-field um-field-text  um-field-username um-field-text um-field-type_text\" data-key=\"username\"><div class=\"um-field-label\"><label for=\"username-989570\">Correo electr\u00f3nico<\/label><div class=\"um-clear\"><\/div><\/div><div class=\"um-field-area\"><input  autocomplete=\"off\" class=\"um-form-field valid\" type=\"text\" name=\"username-989570\" id=\"username-989570\" value=\"\" placeholder=\"\" data-validate=\"\" data-key=\"username\"  aria-invalid=\"false\" \/>\n\n\t\t\t\t\t\t<\/div><\/div><div  id=\"um_field_989570_user_password\" class=\"um-field um-field-password  um-field-user_password um-field-password um-field-type_password\" data-key=\"user_password\"><div class=\"um-field-label\"><label for=\"user_password-989570\">Contrase\u00f1a<\/label><div class=\"um-clear\"><\/div><\/div><div class=\"um-field-area\"><input class=\"um-form-field valid\" type=\"password\" name=\"user_password-989570\" id=\"user_password-989570\" value=\"\" placeholder=\"\" data-validate=\"\" data-key=\"user_password\"  aria-invalid=\"false\" \/>\n\n\t\t\t\t\t\t\t<\/div><\/div><\/div><\/div>\t<input type=\"hidden\" name=\"form_id\" id=\"form_id_989570\" value=\"989570\" \/>\n\t\t<p class=\"um_request_name\">\n\t\t<label for=\"um_request_989570\">Only fill in if you are not human<\/label>\n\t\t<input type=\"hidden\" name=\"um_request\" id=\"um_request_989570\" class=\"input\" value=\"\" size=\"25\" autocomplete=\"off\" \/>\n\t<\/p>\n\t<input type=\"hidden\" name=\"redirect_to\" id=\"redirect_to\" value=\"https:\/\/www.prokontrol.com.co\/instrumentadoras-quirurgicas\" \/><input type=\"hidden\" id=\"_wpnonce\" name=\"_wpnonce\" value=\"3083056a4e\" \/><input type=\"hidden\" name=\"_wp_http_referer\" value=\"\/en\/wp-json\/wp\/v2\/pages\/989574\" \/>\n\t<div class=\"um-col-alt\">\n\n\t\t\n\n\t\t\t<div class=\"um-field um-field-c\">\n\t\t\t\t<div class=\"um-field-area\">\n\t\t\t\t\t<label class=\"um-field-checkbox\">\n\t\t\t\t\t\t<input type=\"checkbox\" name=\"rememberme\" value=\"1\"  \/>\n\t\t\t\t\t\t<span class=\"um-field-checkbox-state\"><i class=\"um-icon-android-checkbox-outline-blank\"><\/i><\/span>\n\t\t\t\t\t\t<span class=\"um-field-checkbox-option\"> Keep me signed in<\/span>\n\t\t\t\t\t<\/label>\n\t\t\t\t<\/div>\n\t\t\t<\/div>\n\n\t\t\t\t\t\t<div class=\"um-clear\"><\/div>\n\t\t\n\t\t\t<div class=\"um-left um-half\">\n\t\t\t\t<input type=\"submit\" value=\"Iniciar sesi\u00f3n\" class=\"um-button\" id=\"um-submit-btn\" \/>\n\t\t\t<\/div>\n\t\t\t<div class=\"um-right um-half\">\n\t\t\t\t<a href=\"https:\/\/www.prokontrol.com.co\/en\/register\/\" class=\"um-button um-alt\">\n\t\t\t\t\tRegistro\t\t\t\t<\/a>\n\t\t\t<\/div>\n\n\t\t\n\t\t<div class=\"um-clear\"><\/div>\n\n\t<\/div>\n\n\t\n\t<div class=\"um-col-alt-b\">\n\t\t<a href=\"https:\/\/www.prokontrol.com.co\/en\/password-reset\/\" class=\"um-link-alt\">\n\t\t\tForgot your password?\t\t<\/a>\n\t<\/div>\n\n\t\t\t<input type=\"hidden\" name=\"trp-form-language\" value=\"en\"\/><\/form>\n\t<\/div>\n<\/div>\n<style>\n\t\t\t.um-989570.um {\n\t\t\tmax-width: 450px;\n\t\t}\n\t\t<\/style>\n<\/div>\n\t\t\t\t\t\t<\/div>\n\t\t\t\t\t<\/div>\n\t\t\t\t<\/div>\n\t\t\t\t<\/div>","protected":false},"excerpt":{"rendered":"","protected":false},"author":3,"featured_media":0,"parent":0,"menu_order":0,"comment_status":"closed","ping_status":"closed","template":"","meta":{"om_disable_all_campaigns":false,"_monsterinsights_skip_tracking":false,"_monsterinsights_sitenote_active":false,"_monsterinsights_sitenote_note":"","_monsterinsights_sitenote_category":0,"_uf_show_specific_survey":0,"_uf_disable_surveys":false,"footnotes":""},"class_list":["post-989574","page","type-page","status-publish","hentry"],"aioseo_notices":[],"yoast_head":"<!-- This site is optimized with the Yoast SEO Premium plugin v21.5 (Yoast SEO v27.4) - https:\/\/yoast.com\/product\/yoast-seo-premium-wordpress\/ -->\n<title>Login- Punto quir\u00fargico - Prokontrol<\/title>\n<meta name=\"robots\" content=\"index, follow, max-snippet:-1, max-image-preview:large, max-video-preview:-1\" \/>\n<link rel=\"canonical\" href=\"https:\/\/www.prokontrol.com.co\/en\/login\/\" \/>\n<meta property=\"og:locale\" content=\"en_US\" \/>\n<meta property=\"og:type\" content=\"article\" \/>\n<meta property=\"og:title\" content=\"Login- Punto quir\u00fargico\" \/>\n<meta property=\"og:url\" content=\"https:\/\/www.prokontrol.com.co\/en\/login\/\" \/>\n<meta property=\"og:site_name\" content=\"Prokontrol\" \/>\n<meta property=\"article:publisher\" content=\"https:\/\/www.facebook.com\/prokontrol.colombia\/\" \/>\n<meta property=\"article:modified_time\" content=\"2024-11-08T16:55:06+00:00\" \/>\n<meta property=\"og:image\" content=\"https:\/\/www.prokontrol.com.co\/wp-content\/uploads\/2024\/11\/Sin-titulo-1.jpg\" \/>\n<meta name=\"twitter:card\" content=\"summary_large_image\" \/>\n<meta name=\"twitter:label1\" content=\"Est. reading time\" \/>\n\t<meta name=\"twitter:data1\" content=\"1 minute\" \/>\n<script type=\"application\/ld+json\" class=\"yoast-schema-graph\">{\"@context\":\"https:\\\/\\\/schema.org\",\"@graph\":[{\"@type\":\"WebPage\",\"@id\":\"https:\\\/\\\/www.prokontrol.com.co\\\/login\\\/\",\"url\":\"https:\\\/\\\/www.prokontrol.com.co\\\/login\\\/\",\"name\":\"Login- Punto quir\u00fargico - Prokontrol\",\"isPartOf\":{\"@id\":\"https:\\\/\\\/www.prokontrol.com.co\\\/#website\"},\"primaryImageOfPage\":{\"@id\":\"https:\\\/\\\/www.prokontrol.com.co\\\/login\\\/#primaryimage\"},\"image\":{\"@id\":\"https:\\\/\\\/www.prokontrol.com.co\\\/login\\\/#primaryimage\"},\"thumbnailUrl\":\"https:\\\/\\\/www.prokontrol.com.co\\\/wp-content\\\/uploads\\\/2024\\\/11\\\/Sin-titulo-1.jpg\",\"datePublished\":\"2024-10-29T20:41:01+00:00\",\"dateModified\":\"2024-11-08T16:55:06+00:00\",\"breadcrumb\":{\"@id\":\"https:\\\/\\\/www.prokontrol.com.co\\\/login\\\/#breadcrumb\"},\"inLanguage\":\"en-US\",\"potentialAction\":[{\"@type\":\"ReadAction\",\"target\":[\"https:\\\/\\\/www.prokontrol.com.co\\\/login\\\/\"]}]},{\"@type\":\"ImageObject\",\"inLanguage\":\"en-US\",\"@id\":\"https:\\\/\\\/www.prokontrol.com.co\\\/login\\\/#primaryimage\",\"url\":\"https:\\\/\\\/www.prokontrol.com.co\\\/wp-content\\\/uploads\\\/2024\\\/11\\\/Sin-titulo-1.jpg\",\"contentUrl\":\"https:\\\/\\\/www.prokontrol.com.co\\\/wp-content\\\/uploads\\\/2024\\\/11\\\/Sin-titulo-1.jpg\"},{\"@type\":\"BreadcrumbList\",\"@id\":\"https:\\\/\\\/www.prokontrol.com.co\\\/login\\\/#breadcrumb\",\"itemListElement\":[{\"@type\":\"ListItem\",\"position\":1,\"name\":\"Inicio\",\"item\":\"https:\\\/\\\/www.prokontrol.com.co\\\/\"},{\"@type\":\"ListItem\",\"position\":2,\"name\":\"Login- Punto quir\u00fargico\"}]},{\"@type\":\"WebSite\",\"@id\":\"https:\\\/\\\/www.prokontrol.com.co\\\/#website\",\"url\":\"https:\\\/\\\/www.prokontrol.com.co\\\/\",\"name\":\"Prokontrol\",\"description\":\"Prokontrol SAS es el resultado de una alianza estrat\u00e9gica entre profesionales del \u00e1rea de la salud con una amplia trayectoria, experiencia y prestigio en la comercializaci\u00f3n e implementaci\u00f3n de productos m\u00e9dico-quir\u00fargicos y hospitalarios.\",\"publisher\":{\"@id\":\"https:\\\/\\\/www.prokontrol.com.co\\\/#organization\"},\"potentialAction\":[{\"@type\":\"SearchAction\",\"target\":{\"@type\":\"EntryPoint\",\"urlTemplate\":\"https:\\\/\\\/www.prokontrol.com.co\\\/?s={search_term_string}\"},\"query-input\":{\"@type\":\"PropertyValueSpecification\",\"valueRequired\":true,\"valueName\":\"search_term_string\"}}],\"inLanguage\":\"en-US\"},{\"@type\":\"Organization\",\"@id\":\"https:\\\/\\\/www.prokontrol.com.co\\\/#organization\",\"name\":\"Prokontrol\",\"url\":\"https:\\\/\\\/www.prokontrol.com.co\\\/\",\"logo\":{\"@type\":\"ImageObject\",\"inLanguage\":\"en-US\",\"@id\":\"https:\\\/\\\/www.prokontrol.com.co\\\/#\\\/schema\\\/logo\\\/image\\\/\",\"url\":\"https:\\\/\\\/www.prokontrol.com.co\\\/wp-content\\\/uploads\\\/2023\\\/03\\\/cropped-logo-color.png\",\"contentUrl\":\"https:\\\/\\\/www.prokontrol.com.co\\\/wp-content\\\/uploads\\\/2023\\\/03\\\/cropped-logo-color.png\",\"width\":1051,\"height\":313,\"caption\":\"Prokontrol\"},\"image\":{\"@id\":\"https:\\\/\\\/www.prokontrol.com.co\\\/#\\\/schema\\\/logo\\\/image\\\/\"},\"sameAs\":[\"https:\\\/\\\/www.facebook.com\\\/prokontrol.colombia\\\/\",\"https:\\\/\\\/www.linkedin.com\\\/company\\\/prokontrol-sas\\\/?originalSubdomain=co\"]}]}<\/script>\n<!-- \/ Yoast SEO Premium plugin. -->","yoast_head_json":{"title":"Login- Punto quir\u00fargico - Prokontrol","robots":{"index":"index","follow":"follow","max-snippet":"max-snippet:-1","max-image-preview":"max-image-preview:large","max-video-preview":"max-video-preview:-1"},"canonical":"https:\/\/www.prokontrol.com.co\/en\/login\/","og_locale":"en_US","og_type":"article","og_title":"Login- Punto quir\u00fargico","og_url":"https:\/\/www.prokontrol.com.co\/en\/login\/","og_site_name":"Prokontrol","article_publisher":"https:\/\/www.facebook.com\/prokontrol.colombia\/","article_modified_time":"2024-11-08T16:55:06+00:00","og_image":[{"url":"https:\/\/www.prokontrol.com.co\/wp-content\/uploads\/2024\/11\/Sin-titulo-1.jpg","type":"","width":"","height":""}],"twitter_card":"summary_large_image","twitter_misc":{"Est. reading time":"1 minute"},"schema":{"@context":"https:\/\/schema.org","@graph":[{"@type":"WebPage","@id":"https:\/\/www.prokontrol.com.co\/login\/","url":"https:\/\/www.prokontrol.com.co\/login\/","name":"Login- Punto quir\u00fargico - Prokontrol","isPartOf":{"@id":"https:\/\/www.prokontrol.com.co\/#website"},"primaryImageOfPage":{"@id":"https:\/\/www.prokontrol.com.co\/login\/#primaryimage"},"image":{"@id":"https:\/\/www.prokontrol.com.co\/login\/#primaryimage"},"thumbnailUrl":"https:\/\/www.prokontrol.com.co\/wp-content\/uploads\/2024\/11\/Sin-titulo-1.jpg","datePublished":"2024-10-29T20:41:01+00:00","dateModified":"2024-11-08T16:55:06+00:00","breadcrumb":{"@id":"https:\/\/www.prokontrol.com.co\/login\/#breadcrumb"},"inLanguage":"en-US","potentialAction":[{"@type":"ReadAction","target":["https:\/\/www.prokontrol.com.co\/login\/"]}]},{"@type":"ImageObject","inLanguage":"en-US","@id":"https:\/\/www.prokontrol.com.co\/login\/#primaryimage","url":"https:\/\/www.prokontrol.com.co\/wp-content\/uploads\/2024\/11\/Sin-titulo-1.jpg","contentUrl":"https:\/\/www.prokontrol.com.co\/wp-content\/uploads\/2024\/11\/Sin-titulo-1.jpg"},{"@type":"BreadcrumbList","@id":"https:\/\/www.prokontrol.com.co\/login\/#breadcrumb","itemListElement":[{"@type":"ListItem","position":1,"name":"Inicio","item":"https:\/\/www.prokontrol.com.co\/"},{"@type":"ListItem","position":2,"name":"Login- Punto quir\u00fargico"}]},{"@type":"WebSite","@id":"https:\/\/www.prokontrol.com.co\/#website","url":"https:\/\/www.prokontrol.com.co\/","name":"Prokontrol","description":"Prokontrol SAS es el resultado de una alianza estrat\u00e9gica entre profesionales del \u00e1rea de la salud con una amplia trayectoria, experiencia y prestigio en la comercializaci\u00f3n e implementaci\u00f3n de productos m\u00e9dico-quir\u00fargicos y hospitalarios.","publisher":{"@id":"https:\/\/www.prokontrol.com.co\/#organization"},"potentialAction":[{"@type":"SearchAction","target":{"@type":"EntryPoint","urlTemplate":"https:\/\/www.prokontrol.com.co\/?s={search_term_string}"},"query-input":{"@type":"PropertyValueSpecification","valueRequired":true,"valueName":"search_term_string"}}],"inLanguage":"en-US"},{"@type":"Organization","@id":"https:\/\/www.prokontrol.com.co\/#organization","name":"Prokontrol","url":"https:\/\/www.prokontrol.com.co\/","logo":{"@type":"ImageObject","inLanguage":"en-US","@id":"https:\/\/www.prokontrol.com.co\/#\/schema\/logo\/image\/","url":"https:\/\/www.prokontrol.com.co\/wp-content\/uploads\/2023\/03\/cropped-logo-color.png","contentUrl":"https:\/\/www.prokontrol.com.co\/wp-content\/uploads\/2023\/03\/cropped-logo-color.png","width":1051,"height":313,"caption":"Prokontrol"},"image":{"@id":"https:\/\/www.prokontrol.com.co\/#\/schema\/logo\/image\/"},"sameAs":["https:\/\/www.facebook.com\/prokontrol.colombia\/","https:\/\/www.linkedin.com\/company\/prokontrol-sas\/?originalSubdomain=co"]}]}},"_links":{"self":[{"href":"https:\/\/www.prokontrol.com.co\/en\/wp-json\/wp\/v2\/pages\/989574","targetHints":{"allow":["GET"]}}],"collection":[{"href":"https:\/\/www.prokontrol.com.co\/en\/wp-json\/wp\/v2\/pages"}],"about":[{"href":"https:\/\/www.prokontrol.com.co\/en\/wp-json\/wp\/v2\/types\/page"}],"author":[{"embeddable":true,"href":"https:\/\/www.prokontrol.com.co\/en\/wp-json\/wp\/v2\/users\/3"}],"replies":[{"embeddable":true,"href":"https:\/\/www.prokontrol.com.co\/en\/wp-json\/wp\/v2\/comments?post=989574"}],"version-history":[{"count":29,"href":"https:\/\/www.prokontrol.com.co\/en\/wp-json\/wp\/v2\/pages\/989574\/revisions"}],"predecessor-version":[{"id":989668,"href":"https:\/\/www.prokontrol.com.co\/en\/wp-json\/wp\/v2\/pages\/989574\/revisions\/989668"}],"wp:attachment":[{"href":"https:\/\/www.prokontrol.com.co\/en\/wp-json\/wp\/v2\/media?parent=989574"}],"curies":[{"name":"wp","href":"https:\/\/api.w.org\/{rel}","templated":true}]}}