{"id":989004,"date":"2024-08-10T20:22:58","date_gmt":"2024-08-10T20:22:58","guid":{"rendered":"https:\/\/www.prokontrol.com.co\/?page_id=989004"},"modified":"2024-10-16T21:37:54","modified_gmt":"2024-10-16T21:37:54","slug":"arquitectura-hospitalaria","status":"publish","type":"page","link":"https:\/\/www.prokontrol.com.co\/en\/arquitectura-hospitalaria\/","title":{"rendered":"Hospital Architecture"},"content":{"rendered":"\t\t<div data-elementor-type=\"wp-page\" data-elementor-id=\"989004\" class=\"elementor elementor-989004\" data-elementor-post-type=\"page\">\n\t\t\t\t\t\t<section class=\"elementor-section elementor-top-section elementor-element elementor-element-92a0152 elementor-section-content-middle elementor-reverse-mobile elementor-section-boxed elementor-section-height-default elementor-section-height-default\" data-id=\"92a0152\" data-element_type=\"section\" data-e-type=\"section\">\n\t\t\t\t\t\t\t<div class=\"elementor-background-overlay\"><\/div>\n\t\t\t\t\t\t\t<div class=\"elementor-container elementor-column-gap-no\">\n\t\t\t\t\t<div class=\"elementor-column elementor-col-50 elementor-top-column elementor-element elementor-element-0f0c101\" data-id=\"0f0c101\" data-element_type=\"column\" data-e-type=\"column\">\n\t\t\t<div class=\"elementor-widget-wrap elementor-element-populated\">\n\t\t\t\t\t\t<section class=\"elementor-section elementor-inner-section elementor-element elementor-element-623057f elementor-section-boxed elementor-section-height-default elementor-section-height-default\" data-id=\"623057f\" data-element_type=\"section\" data-e-type=\"section\">\n\t\t\t\t\t\t<div class=\"elementor-container elementor-column-gap-default\">\n\t\t\t\t\t<div class=\"elementor-column elementor-col-100 elementor-inner-column elementor-element elementor-element-f05a3b3\" data-id=\"f05a3b3\" data-element_type=\"column\" data-e-type=\"column\">\n\t\t\t<div class=\"elementor-widget-wrap elementor-element-populated\">\n\t\t\t\t\t\t<div class=\"elementor-element elementor-element-7fad87d elementor-position-inline-start elementor-view-default elementor-mobile-position-block-start elementor-widget elementor-widget-icon-box\" data-id=\"7fad87d\" data-element_type=\"widget\" data-e-type=\"widget\" data-widget_type=\"icon-box.default\">\n\t\t\t\t\t\t\t<div class=\"elementor-icon-box-wrapper\">\n\n\t\t\t\t\t\t<div class=\"elementor-icon-box-icon\">\n\t\t\t\t<span  class=\"elementor-icon\">\n\t\t\t\t<svg xmlns=\"http:\/\/www.w3.org\/2000\/svg\" id=\"Capa_2\" viewBox=\"0 0 62.65 74.75\"><g id=\"Capa_1-2\" data-name=\"Capa_1\"><path d=\"M62.6,0c-10.83,9.73-19.92,20.93-27.91,33.05-1.51,2.29-2.85,4.68-4.06,7.14-.31.64-.28,1.08.2,1.62,5.61,6.37,11.2,12.75,16.78,19.14.33.38.99.77.75,1.28-.2.44-.9.19-1.38.19-2.47.02-4.95-.02-7.42.03-.84.02-1.42-.25-1.97-.88-3.46-4-6.95-7.98-10.42-11.97-1.1-1.26-1.12-1.27-1.69.33-1.31,3.69-2.66,7.38-3.73,11.15-.28,1-.75,1.44-1.84,1.38-1.59-.09-3.2-.05-4.79-.01-.86.02-1.23-.26-1.23-1.17.02-11.92.02-23.84,0-35.76,0-.85.34-1.14,1.16-1.12,1.67.04,3.35.05,5.02,0,.96-.03,1.24.36,1.24,1.28-.03,5.37-.01,10.74.14,16.16.26-.6.53-1.19.79-1.79,2.98-6.85,7.04-13.05,11.44-19.05.16-.21.33-.42.47-.64.14-.21.44-.4.29-.69-.14-.28-.47-.19-.73-.19-8.37,0-16.75,0-25.12-.02-1.12,0-1.07.68-1.07,1.44,0,7.39,0,14.77,0,22.16,0,7.46,0,14.93,0,22.39,0,1.74,0,1.75,1.68,1.75,14.81,0,29.61,0,44.42,0,1.6,0,1.6,0,1.61-1.57,0-14.85,0-29.7,0-44.55,0-1.6,0-1.6-1.55-1.6-1.87,0-3.73,0-5.6,0-.29,0-.66.12-.82-.23-.15-.33.15-.57.34-.79,1.68-1.97,3.37-3.93,5.05-5.9.33-.38.75-.47,1.23-.47,2.51,0,5.02.03,7.54,0,.88-.01,1.23.3,1.21,1.2-.04,1.75-.01,3.5-.01,5.25,0,18.09,0,36.17,0,54.26q0,1.97-1.91,1.97c-19.6,0-39.2,0-58.81,0q-1.93,0-1.93-1.96c0-19.61,0-39.22,0-58.83q0-1.88,1.88-1.89c12.26,0,24.51-.02,36.77.03,1.49,0,2.5-.36,3.5-1.55,3.18-3.79,6.63-7.34,10.41-10.55h10.05Z\"><\/path><\/g><\/svg>\t\t\t\t<\/span>\n\t\t\t<\/div>\n\t\t\t\n\t\t\t\t\t\t<div class=\"elementor-icon-box-content\">\n\n\t\t\t\t\t\t\t\t\t<h3 class=\"elementor-icon-box-title\">\n\t\t\t\t\t\t<span  >\n\t\t\t\t\t\t\tEspacios \u00f3ptimos para una salud integral\t\t\t\t\t\t<\/span>\n\t\t\t\t\t<\/h3>\n\t\t\t\t\n\t\t\t\t\t\t\t\t\t<p class=\"elementor-icon-box-description\">\n\t\t\t\t\t\t<b>La arquitectura hospitalaria nos ayuda con la habilitaci\u00f3n y m\u00e1s a\u00fan con la acreditaci\u00f3n de nuestras entidades de salud.<\/b> Hoy se plantea la exigencia de asegurar el bienestar del paciente, optimizando los recursos de infraestructura y dotaci\u00f3n siempre dentro de un marco de procesos \u00f3ptimos y rentables.\t\t\t\t\t<\/p>\n\t\t\t\t\n\t\t\t<\/div>\n\t\t\t\n\t\t<\/div>\n\t\t\t\t\t\t<\/div>\n\t\t\t\t<div class=\"elementor-element elementor-element-fe8862e elementor-position-inline-start elementor-view-default elementor-mobile-position-block-start elementor-widget elementor-widget-icon-box\" data-id=\"fe8862e\" data-element_type=\"widget\" data-e-type=\"widget\" data-widget_type=\"icon-box.default\">\n\t\t\t\t\t\t\t<div class=\"elementor-icon-box-wrapper\">\n\n\t\t\t\t\t\t<div class=\"elementor-icon-box-icon\">\n\t\t\t\t<span  class=\"elementor-icon\">\n\t\t\t\t<svg xmlns=\"http:\/\/www.w3.org\/2000\/svg\" id=\"Capa_2\" viewBox=\"0 0 62.65 74.75\"><g id=\"Capa_1-2\" data-name=\"Capa_1\"><path d=\"M62.6,0c-10.83,9.73-19.92,20.93-27.91,33.05-1.51,2.29-2.85,4.68-4.06,7.14-.31.64-.28,1.08.2,1.62,5.61,6.37,11.2,12.75,16.78,19.14.33.38.99.77.75,1.28-.2.44-.9.19-1.38.19-2.47.02-4.95-.02-7.42.03-.84.02-1.42-.25-1.97-.88-3.46-4-6.95-7.98-10.42-11.97-1.1-1.26-1.12-1.27-1.69.33-1.31,3.69-2.66,7.38-3.73,11.15-.28,1-.75,1.44-1.84,1.38-1.59-.09-3.2-.05-4.79-.01-.86.02-1.23-.26-1.23-1.17.02-11.92.02-23.84,0-35.76,0-.85.34-1.14,1.16-1.12,1.67.04,3.35.05,5.02,0,.96-.03,1.24.36,1.24,1.28-.03,5.37-.01,10.74.14,16.16.26-.6.53-1.19.79-1.79,2.98-6.85,7.04-13.05,11.44-19.05.16-.21.33-.42.47-.64.14-.21.44-.4.29-.69-.14-.28-.47-.19-.73-.19-8.37,0-16.75,0-25.12-.02-1.12,0-1.07.68-1.07,1.44,0,7.39,0,14.77,0,22.16,0,7.46,0,14.93,0,22.39,0,1.74,0,1.75,1.68,1.75,14.81,0,29.61,0,44.42,0,1.6,0,1.6,0,1.61-1.57,0-14.85,0-29.7,0-44.55,0-1.6,0-1.6-1.55-1.6-1.87,0-3.73,0-5.6,0-.29,0-.66.12-.82-.23-.15-.33.15-.57.34-.79,1.68-1.97,3.37-3.93,5.05-5.9.33-.38.75-.47,1.23-.47,2.51,0,5.02.03,7.54,0,.88-.01,1.23.3,1.21,1.2-.04,1.75-.01,3.5-.01,5.25,0,18.09,0,36.17,0,54.26q0,1.97-1.91,1.97c-19.6,0-39.2,0-58.81,0q-1.93,0-1.93-1.96c0-19.61,0-39.22,0-58.83q0-1.88,1.88-1.89c12.26,0,24.51-.02,36.77.03,1.49,0,2.5-.36,3.5-1.55,3.18-3.79,6.63-7.34,10.41-10.55h10.05Z\"><\/path><\/g><\/svg>\t\t\t\t<\/span>\n\t\t\t<\/div>\n\t\t\t\n\t\t\t\t\t\t<div class=\"elementor-icon-box-content\">\n\n\t\t\t\t\t\t\t\t\t<h3 class=\"elementor-icon-box-title\">\n\t\t\t\t\t\t<span  >\n\t\t\t\t\t\t\tEntendemos que cada espacio es un lugar de trabajo para el cuerpo m\u00e9dico y de bienestar para el paciente\t\t\t\t\t\t<\/span>\n\t\t\t\t\t<\/h3>\n\t\t\t\t\n\t\t\t\t\t\t\t\t\t<p class=\"elementor-icon-box-description\">\n\t\t\t\t\t\tM\u00e1s que el dise\u00f1o de \u00e1reas y manejo de espacios, Prokontrol se integra entendiendo las necesidades de cada instituci\u00f3n, y asesorando en el aprovechamiento de manera creativa y normativa los espacios y recursos, para el \u00f3ptimo desempe\u00f1o del recurso humano. <br><br>\n\n \n\nNuestro personal es calificado e id\u00f3neo para la ejecuci\u00f3n de cada una de las actividades concernientes al desarrollo de obras y\/o adecuaci\u00f3n de \u00e1reas destinadas a la prestaci\u00f3n de servicios de salud.<br><br>\n\n \n\nContamos con profesionales \u201cVerificadores del cumplimiento de condiciones para la habilitaci\u00f3n de prestadores de servicios de salud\u201d, t\u00edtulo otorgado por el Ministerio de la Protecci\u00f3n Social y la Universidad El Bosque, aval que garantiza la definici\u00f3n de dotaci\u00f3n y espacios operativos contemplados en el \u201cMarco Legal Vigente\u201d.\t\t\t\t\t<\/p>\n\t\t\t\t\n\t\t\t<\/div>\n\t\t\t\n\t\t<\/div>\n\t\t\t\t\t\t<\/div>\n\t\t\t\t\t<\/div>\n\t\t<\/div>\n\t\t\t\t\t<\/div>\n\t\t<\/section>\n\t\t\t\t\t<\/div>\n\t\t<\/div>\n\t\t\t\t<div class=\"elementor-column elementor-col-50 elementor-top-column elementor-element elementor-element-7d2f144\" data-id=\"7d2f144\" data-element_type=\"column\" data-e-type=\"column\" data-settings=\"{&quot;background_background&quot;:&quot;slideshow&quot;,&quot;background_slideshow_gallery&quot;:[{&quot;id&quot;:989006,&quot;url&quot;:&quot;https:\\\/\\\/www.prokontrol.com.co\\\/wp-content\\\/uploads\\\/2024\\\/08\\\/821669F5-E3D2-6ADD-F981-CCF189869648.jpg&quot;},{&quot;id&quot;:989402,&quot;url&quot;:&quot;https:\\\/\\\/www.prokontrol.com.co\\\/wp-content\\\/uploads\\\/2024\\\/10\\\/Arquitectura-Hospitalaria-Plano-Hospital-Tatama-ABALARK.jpg&quot;}],&quot;background_slideshow_slide_transition&quot;:&quot;slide_left&quot;,&quot;background_slideshow_loop&quot;:&quot;yes&quot;,&quot;background_slideshow_slide_duration&quot;:5000,&quot;background_slideshow_transition_duration&quot;:500}\">\n\t\t\t<div class=\"elementor-widget-wrap elementor-element-populated\">\n\t\t\t\t\t\t<div class=\"elementor-element elementor-element-30fb881 elementor-widget elementor-widget-spacer\" data-id=\"30fb881\" data-element_type=\"widget\" data-e-type=\"widget\" data-widget_type=\"spacer.default\">\n\t\t\t\t\t\t\t<div class=\"elementor-spacer\">\n\t\t\t<div class=\"elementor-spacer-inner\"><\/div>\n\t\t<\/div>\n\t\t\t\t\t\t<\/div>\n\t\t\t\t\t<\/div>\n\t\t<\/div>\n\t\t\t\t\t<\/div>\n\t\t<\/section>\n\t\t\t\t<\/div>\n\t\t","protected":false},"excerpt":{"rendered":"<p>Espacios \u00f3ptimos para una salud integral La arquitectura hospitalaria nos ayuda con la habilitaci\u00f3n y m\u00e1s a\u00fan con la acreditaci\u00f3n&#8230;<\/p>","protected":false},"author":1,"featured_media":0,"parent":0,"menu_order":0,"comment_status":"closed","ping_status":"closed","template":"elementor_header_footer","meta":{"om_disable_all_campaigns":false,"_monsterinsights_skip_tracking":false,"_monsterinsights_sitenote_active":false,"_monsterinsights_sitenote_note":"","_monsterinsights_sitenote_category":0,"_uf_show_specific_survey":0,"_uf_disable_surveys":false,"footnotes":""},"class_list":["post-989004","page","type-page","status-publish","hentry"],"aioseo_notices":[],"yoast_head":"<!-- This site is optimized with the Yoast SEO Premium plugin v21.5 (Yoast SEO v27.4) - https:\/\/yoast.com\/product\/yoast-seo-premium-wordpress\/ -->\n<title>Arquitectura Hospitalaria - Prokontrol<\/title>\n<meta name=\"description\" content=\"En Prokontrol ofrecemos soluciones en arquitectura hospitalaria, optimizando espacios m\u00e9dicos y aportando en la habilitaci\u00f3n de entidades de salud.\" \/>\n<meta name=\"robots\" content=\"index, follow, max-snippet:-1, max-image-preview:large, max-video-preview:-1\" \/>\n<link rel=\"canonical\" href=\"https:\/\/www.prokontrol.com.co\/en\/arquitectura-hospitalaria\/\" \/>\n<meta property=\"og:locale\" content=\"en_US\" \/>\n<meta property=\"og:type\" content=\"article\" \/>\n<meta property=\"og:title\" content=\"Arquitectura Hospitalaria\" \/>\n<meta property=\"og:description\" content=\"En Prokontrol ofrecemos soluciones en arquitectura hospitalaria, optimizando espacios m\u00e9dicos y aportando en la habilitaci\u00f3n de entidades de salud.\" \/>\n<meta property=\"og:url\" content=\"https:\/\/www.prokontrol.com.co\/en\/arquitectura-hospitalaria\/\" \/>\n<meta property=\"og:site_name\" content=\"Prokontrol\" \/>\n<meta property=\"article:publisher\" content=\"https:\/\/www.facebook.com\/prokontrol.colombia\/\" \/>\n<meta property=\"article:modified_time\" content=\"2024-10-16T21:37:54+00:00\" \/>\n<meta property=\"og:image\" content=\"https:\/\/www.prokontrol.com.co\/wp-content\/uploads\/2024\/08\/descarga-1.jpg\" \/>\n\t<meta property=\"og:image:width\" content=\"1600\" \/>\n\t<meta property=\"og:image:height\" content=\"819\" \/>\n\t<meta property=\"og:image:type\" content=\"image\/jpeg\" \/>\n<meta name=\"twitter:card\" content=\"summary_large_image\" \/>\n<meta name=\"twitter:label1\" content=\"Est. reading time\" \/>\n\t<meta name=\"twitter:data1\" content=\"1 minute\" \/>\n<script type=\"application\/ld+json\" class=\"yoast-schema-graph\">{\"@context\":\"https:\\\/\\\/schema.org\",\"@graph\":[{\"@type\":\"WebPage\",\"@id\":\"https:\\\/\\\/www.prokontrol.com.co\\\/arquitectura-hospitalaria\\\/\",\"url\":\"https:\\\/\\\/www.prokontrol.com.co\\\/arquitectura-hospitalaria\\\/\",\"name\":\"Arquitectura Hospitalaria - Prokontrol\",\"isPartOf\":{\"@id\":\"https:\\\/\\\/www.prokontrol.com.co\\\/#website\"},\"datePublished\":\"2024-08-10T20:22:58+00:00\",\"dateModified\":\"2024-10-16T21:37:54+00:00\",\"description\":\"En Prokontrol ofrecemos soluciones en arquitectura hospitalaria, optimizando espacios m\u00e9dicos y aportando en la habilitaci\u00f3n de entidades de salud.\",\"breadcrumb\":{\"@id\":\"https:\\\/\\\/www.prokontrol.com.co\\\/arquitectura-hospitalaria\\\/#breadcrumb\"},\"inLanguage\":\"en-US\",\"potentialAction\":[{\"@type\":\"ReadAction\",\"target\":[\"https:\\\/\\\/www.prokontrol.com.co\\\/arquitectura-hospitalaria\\\/\"]}]},{\"@type\":\"BreadcrumbList\",\"@id\":\"https:\\\/\\\/www.prokontrol.com.co\\\/arquitectura-hospitalaria\\\/#breadcrumb\",\"itemListElement\":[{\"@type\":\"ListItem\",\"position\":1,\"name\":\"Inicio\",\"item\":\"https:\\\/\\\/www.prokontrol.com.co\\\/\"},{\"@type\":\"ListItem\",\"position\":2,\"name\":\"Arquitectura Hospitalaria\"}]},{\"@type\":\"WebSite\",\"@id\":\"https:\\\/\\\/www.prokontrol.com.co\\\/#website\",\"url\":\"https:\\\/\\\/www.prokontrol.com.co\\\/\",\"name\":\"Prokontrol\",\"description\":\"Prokontrol SAS es el resultado de una alianza estrat\u00e9gica entre profesionales del \u00e1rea de la salud con una amplia trayectoria, experiencia y prestigio en la comercializaci\u00f3n e implementaci\u00f3n de productos m\u00e9dico-quir\u00fargicos y hospitalarios.\",\"publisher\":{\"@id\":\"https:\\\/\\\/www.prokontrol.com.co\\\/#organization\"},\"potentialAction\":[{\"@type\":\"SearchAction\",\"target\":{\"@type\":\"EntryPoint\",\"urlTemplate\":\"https:\\\/\\\/www.prokontrol.com.co\\\/?s={search_term_string}\"},\"query-input\":{\"@type\":\"PropertyValueSpecification\",\"valueRequired\":true,\"valueName\":\"search_term_string\"}}],\"inLanguage\":\"en-US\"},{\"@type\":\"Organization\",\"@id\":\"https:\\\/\\\/www.prokontrol.com.co\\\/#organization\",\"name\":\"Prokontrol\",\"url\":\"https:\\\/\\\/www.prokontrol.com.co\\\/\",\"logo\":{\"@type\":\"ImageObject\",\"inLanguage\":\"en-US\",\"@id\":\"https:\\\/\\\/www.prokontrol.com.co\\\/#\\\/schema\\\/logo\\\/image\\\/\",\"url\":\"https:\\\/\\\/www.prokontrol.com.co\\\/wp-content\\\/uploads\\\/2023\\\/03\\\/cropped-logo-color.png\",\"contentUrl\":\"https:\\\/\\\/www.prokontrol.com.co\\\/wp-content\\\/uploads\\\/2023\\\/03\\\/cropped-logo-color.png\",\"width\":1051,\"height\":313,\"caption\":\"Prokontrol\"},\"image\":{\"@id\":\"https:\\\/\\\/www.prokontrol.com.co\\\/#\\\/schema\\\/logo\\\/image\\\/\"},\"sameAs\":[\"https:\\\/\\\/www.facebook.com\\\/prokontrol.colombia\\\/\",\"https:\\\/\\\/www.linkedin.com\\\/company\\\/prokontrol-sas\\\/?originalSubdomain=co\"]}]}<\/script>\n<!-- \/ Yoast SEO Premium plugin. -->","yoast_head_json":{"title":"Arquitectura Hospitalaria - Prokontrol","description":"En Prokontrol ofrecemos soluciones en arquitectura hospitalaria, optimizando espacios m\u00e9dicos y aportando en la habilitaci\u00f3n de entidades de salud.","robots":{"index":"index","follow":"follow","max-snippet":"max-snippet:-1","max-image-preview":"max-image-preview:large","max-video-preview":"max-video-preview:-1"},"canonical":"https:\/\/www.prokontrol.com.co\/en\/arquitectura-hospitalaria\/","og_locale":"en_US","og_type":"article","og_title":"Arquitectura Hospitalaria","og_description":"En Prokontrol ofrecemos soluciones en arquitectura hospitalaria, optimizando espacios m\u00e9dicos y aportando en la habilitaci\u00f3n de entidades de salud.","og_url":"https:\/\/www.prokontrol.com.co\/en\/arquitectura-hospitalaria\/","og_site_name":"Prokontrol","article_publisher":"https:\/\/www.facebook.com\/prokontrol.colombia\/","article_modified_time":"2024-10-16T21:37:54+00:00","og_image":[{"width":1600,"height":819,"url":"https:\/\/www.prokontrol.com.co\/wp-content\/uploads\/2024\/08\/descarga-1.jpg","type":"image\/jpeg"}],"twitter_card":"summary_large_image","twitter_misc":{"Est. reading time":"1 minute"},"schema":{"@context":"https:\/\/schema.org","@graph":[{"@type":"WebPage","@id":"https:\/\/www.prokontrol.com.co\/arquitectura-hospitalaria\/","url":"https:\/\/www.prokontrol.com.co\/arquitectura-hospitalaria\/","name":"Arquitectura Hospitalaria - Prokontrol","isPartOf":{"@id":"https:\/\/www.prokontrol.com.co\/#website"},"datePublished":"2024-08-10T20:22:58+00:00","dateModified":"2024-10-16T21:37:54+00:00","description":"En Prokontrol ofrecemos soluciones en arquitectura hospitalaria, optimizando espacios m\u00e9dicos y aportando en la habilitaci\u00f3n de entidades de salud.","breadcrumb":{"@id":"https:\/\/www.prokontrol.com.co\/arquitectura-hospitalaria\/#breadcrumb"},"inLanguage":"en-US","potentialAction":[{"@type":"ReadAction","target":["https:\/\/www.prokontrol.com.co\/arquitectura-hospitalaria\/"]}]},{"@type":"BreadcrumbList","@id":"https:\/\/www.prokontrol.com.co\/arquitectura-hospitalaria\/#breadcrumb","itemListElement":[{"@type":"ListItem","position":1,"name":"Inicio","item":"https:\/\/www.prokontrol.com.co\/"},{"@type":"ListItem","position":2,"name":"Arquitectura Hospitalaria"}]},{"@type":"WebSite","@id":"https:\/\/www.prokontrol.com.co\/#website","url":"https:\/\/www.prokontrol.com.co\/","name":"Prokontrol","description":"Prokontrol SAS es el resultado de una alianza estrat\u00e9gica entre profesionales del \u00e1rea de la salud con una amplia trayectoria, experiencia y prestigio en la comercializaci\u00f3n e implementaci\u00f3n de productos m\u00e9dico-quir\u00fargicos y hospitalarios.","publisher":{"@id":"https:\/\/www.prokontrol.com.co\/#organization"},"potentialAction":[{"@type":"SearchAction","target":{"@type":"EntryPoint","urlTemplate":"https:\/\/www.prokontrol.com.co\/?s={search_term_string}"},"query-input":{"@type":"PropertyValueSpecification","valueRequired":true,"valueName":"search_term_string"}}],"inLanguage":"en-US"},{"@type":"Organization","@id":"https:\/\/www.prokontrol.com.co\/#organization","name":"Prokontrol","url":"https:\/\/www.prokontrol.com.co\/","logo":{"@type":"ImageObject","inLanguage":"en-US","@id":"https:\/\/www.prokontrol.com.co\/#\/schema\/logo\/image\/","url":"https:\/\/www.prokontrol.com.co\/wp-content\/uploads\/2023\/03\/cropped-logo-color.png","contentUrl":"https:\/\/www.prokontrol.com.co\/wp-content\/uploads\/2023\/03\/cropped-logo-color.png","width":1051,"height":313,"caption":"Prokontrol"},"image":{"@id":"https:\/\/www.prokontrol.com.co\/#\/schema\/logo\/image\/"},"sameAs":["https:\/\/www.facebook.com\/prokontrol.colombia\/","https:\/\/www.linkedin.com\/company\/prokontrol-sas\/?originalSubdomain=co"]}]}},"_links":{"self":[{"href":"https:\/\/www.prokontrol.com.co\/en\/wp-json\/wp\/v2\/pages\/989004","targetHints":{"allow":["GET"]}}],"collection":[{"href":"https:\/\/www.prokontrol.com.co\/en\/wp-json\/wp\/v2\/pages"}],"about":[{"href":"https:\/\/www.prokontrol.com.co\/en\/wp-json\/wp\/v2\/types\/page"}],"author":[{"embeddable":true,"href":"https:\/\/www.prokontrol.com.co\/en\/wp-json\/wp\/v2\/users\/1"}],"replies":[{"embeddable":true,"href":"https:\/\/www.prokontrol.com.co\/en\/wp-json\/wp\/v2\/comments?post=989004"}],"version-history":[{"count":3,"href":"https:\/\/www.prokontrol.com.co\/en\/wp-json\/wp\/v2\/pages\/989004\/revisions"}],"predecessor-version":[{"id":989405,"href":"https:\/\/www.prokontrol.com.co\/en\/wp-json\/wp\/v2\/pages\/989004\/revisions\/989405"}],"wp:attachment":[{"href":"https:\/\/www.prokontrol.com.co\/en\/wp-json\/wp\/v2\/media?parent=989004"}],"curies":[{"name":"wp","href":"https:\/\/api.w.org\/{rel}","templated":true}]}}