{"id":85,"date":"2023-03-09T12:53:47","date_gmt":"2023-03-09T12:53:47","guid":{"rendered":"https:\/\/tecnologia.vamtam.com\/?page_id=85"},"modified":"2024-11-08T17:14:19","modified_gmt":"2024-11-08T17:14:19","slug":"nosotros","status":"publish","type":"page","link":"https:\/\/www.prokontrol.com.co\/en\/nosotros\/","title":{"rendered":"What we do"},"content":{"rendered":"\t\t<div data-elementor-type=\"wp-page\" data-elementor-id=\"85\" class=\"elementor elementor-85\" data-elementor-post-type=\"page\">\n\t\t\t\t\t\t<section class=\"elementor-section elementor-top-section elementor-element elementor-element-d70f5dc elementor-section-boxed elementor-section-height-default elementor-section-height-default\" data-id=\"d70f5dc\" data-element_type=\"section\" data-e-type=\"section\" data-settings=\"{&quot;background_background&quot;:&quot;classic&quot;,&quot;background_motion_fx_motion_fx_scrolling&quot;:&quot;yes&quot;,&quot;background_motion_fx_translateY_effect&quot;:&quot;yes&quot;,&quot;background_motion_fx_translateY_speed&quot;:{&quot;unit&quot;:&quot;px&quot;,&quot;size&quot;:2,&quot;sizes&quot;:[]},&quot;background_motion_fx_devices&quot;:[&quot;desktop&quot;],&quot;background_motion_fx_translateY_affectedRange&quot;:{&quot;unit&quot;:&quot;%&quot;,&quot;size&quot;:&quot;&quot;,&quot;sizes&quot;:{&quot;start&quot;:0,&quot;end&quot;:100}}}\">\n\t\t\t\t\t\t\t<div class=\"elementor-background-overlay\"><\/div>\n\t\t\t\t\t\t\t<div class=\"elementor-container elementor-column-gap-no\">\n\t\t\t\t\t<div class=\"elementor-column elementor-col-100 elementor-top-column elementor-element elementor-element-f8a14b7\" data-id=\"f8a14b7\" data-element_type=\"column\" data-e-type=\"column\">\n\t\t\t<div class=\"elementor-widget-wrap elementor-element-populated\">\n\t\t\t\t\t\t<div class=\"elementor-element elementor-element-4f5d0cc elementor-widget elementor-widget-spacer\" data-id=\"4f5d0cc\" data-element_type=\"widget\" data-e-type=\"widget\" data-widget_type=\"spacer.default\">\n\t\t\t\t\t\t\t<div class=\"elementor-spacer\">\n\t\t\t<div class=\"elementor-spacer-inner\"><\/div>\n\t\t<\/div>\n\t\t\t\t\t\t<\/div>\n\t\t\t\t<div class=\"elementor-element elementor-element-5d557fd elementor-widget__width-auto elementor-widget elementor-widget-heading\" data-id=\"5d557fd\" data-element_type=\"widget\" data-e-type=\"widget\" data-widget_type=\"heading.default\">\n\t\t\t\t\t<span class=\"elementor-heading-title elementor-size-default\">Nosotros<\/span>\t\t\t\t<\/div>\n\t\t\t\t<div class=\"elementor-element elementor-element-19ab3b5 elementor-widget elementor-widget-heading\" data-id=\"19ab3b5\" data-element_type=\"widget\" data-e-type=\"widget\" data-widget_type=\"heading.default\">\n\t\t\t\t\t<h1 class=\"elementor-heading-title elementor-size-default\">\u00bfPor qu\u00e9 elegirnos?<\/h1>\t\t\t\t<\/div>\n\t\t\t\t<div class=\"elementor-element elementor-element-3604dfb elementor-widget elementor-widget-spacer\" data-id=\"3604dfb\" data-element_type=\"widget\" data-e-type=\"widget\" data-widget_type=\"spacer.default\">\n\t\t\t\t\t\t\t<div class=\"elementor-spacer\">\n\t\t\t<div class=\"elementor-spacer-inner\"><\/div>\n\t\t<\/div>\n\t\t\t\t\t\t<\/div>\n\t\t\t\t\t<\/div>\n\t\t<\/div>\n\t\t\t\t\t<\/div>\n\t\t<\/section>\n\t\t\t\t<section class=\"elementor-section elementor-top-section elementor-element elementor-element-6154f2a elementor-section-content-middle elementor-reverse-mobile elementor-section-boxed elementor-section-height-default elementor-section-height-default\" data-id=\"6154f2a\" data-element_type=\"section\" data-e-type=\"section\">\n\t\t\t\t\t\t\t<div class=\"elementor-background-overlay\"><\/div>\n\t\t\t\t\t\t\t<div class=\"elementor-container elementor-column-gap-no\">\n\t\t\t\t\t<div class=\"elementor-column elementor-col-50 elementor-top-column elementor-element elementor-element-d4874a6\" data-id=\"d4874a6\" data-element_type=\"column\" data-e-type=\"column\">\n\t\t\t<div class=\"elementor-widget-wrap elementor-element-populated\">\n\t\t\t\t\t\t<section class=\"elementor-section elementor-inner-section elementor-element elementor-element-a9e8492 elementor-section-boxed elementor-section-height-default elementor-section-height-default\" data-id=\"a9e8492\" data-element_type=\"section\" data-e-type=\"section\">\n\t\t\t\t\t\t<div class=\"elementor-container elementor-column-gap-default\">\n\t\t\t\t\t<div class=\"elementor-column elementor-col-100 elementor-inner-column elementor-element elementor-element-ff56bce\" data-id=\"ff56bce\" data-element_type=\"column\" data-e-type=\"column\">\n\t\t\t<div class=\"elementor-widget-wrap elementor-element-populated\">\n\t\t\t\t\t\t<div class=\"elementor-element elementor-element-ba1efdd elementor-position-inline-start elementor-mobile-position-inline-start elementor-view-default elementor-widget elementor-widget-icon-box\" data-id=\"ba1efdd\" data-element_type=\"widget\" data-e-type=\"widget\" data-widget_type=\"icon-box.default\">\n\t\t\t\t\t\t\t<div class=\"elementor-icon-box-wrapper\">\n\n\t\t\t\t\t\t<div class=\"elementor-icon-box-icon\">\n\t\t\t\t<span  class=\"elementor-icon\">\n\t\t\t\t<svg xmlns=\"http:\/\/www.w3.org\/2000\/svg\" id=\"Capa_2\" viewBox=\"0 0 62.65 74.75\"><g id=\"Capa_1-2\" data-name=\"Capa_1\"><path d=\"M62.6,0c-10.83,9.73-19.92,20.93-27.91,33.05-1.51,2.29-2.85,4.68-4.06,7.14-.31.64-.28,1.08.2,1.62,5.61,6.37,11.2,12.75,16.78,19.14.33.38.99.77.75,1.28-.2.44-.9.19-1.38.19-2.47.02-4.95-.02-7.42.03-.84.02-1.42-.25-1.97-.88-3.46-4-6.95-7.98-10.42-11.97-1.1-1.26-1.12-1.27-1.69.33-1.31,3.69-2.66,7.38-3.73,11.15-.28,1-.75,1.44-1.84,1.38-1.59-.09-3.2-.05-4.79-.01-.86.02-1.23-.26-1.23-1.17.02-11.92.02-23.84,0-35.76,0-.85.34-1.14,1.16-1.12,1.67.04,3.35.05,5.02,0,.96-.03,1.24.36,1.24,1.28-.03,5.37-.01,10.74.14,16.16.26-.6.53-1.19.79-1.79,2.98-6.85,7.04-13.05,11.44-19.05.16-.21.33-.42.47-.64.14-.21.44-.4.29-.69-.14-.28-.47-.19-.73-.19-8.37,0-16.75,0-25.12-.02-1.12,0-1.07.68-1.07,1.44,0,7.39,0,14.77,0,22.16,0,7.46,0,14.93,0,22.39,0,1.74,0,1.75,1.68,1.75,14.81,0,29.61,0,44.42,0,1.6,0,1.6,0,1.61-1.57,0-14.85,0-29.7,0-44.55,0-1.6,0-1.6-1.55-1.6-1.87,0-3.73,0-5.6,0-.29,0-.66.12-.82-.23-.15-.33.15-.57.34-.79,1.68-1.97,3.37-3.93,5.05-5.9.33-.38.75-.47,1.23-.47,2.51,0,5.02.03,7.54,0,.88-.01,1.23.3,1.21,1.2-.04,1.75-.01,3.5-.01,5.25,0,18.09,0,36.17,0,54.26q0,1.97-1.91,1.97c-19.6,0-39.2,0-58.81,0q-1.93,0-1.93-1.96c0-19.61,0-39.22,0-58.83q0-1.88,1.88-1.89c12.26,0,24.51-.02,36.77.03,1.49,0,2.5-.36,3.5-1.55,3.18-3.79,6.63-7.34,10.41-10.55h10.05Z\"><\/path><\/g><\/svg>\t\t\t\t<\/span>\n\t\t\t<\/div>\n\t\t\t\n\t\t\t\t\t\t<div class=\"elementor-icon-box-content\">\n\n\t\t\t\t\t\t\t\t\t<h3 class=\"elementor-icon-box-title\">\n\t\t\t\t\t\t<span  >\n\t\t\t\t\t\t\tProkontrol SAS es una organizaci\u00f3n que se preocupa por dar soluciones a sus clientes, entendemos cada necesidad para encontrar la soluci\u00f3n adecuada.\t\t\t\t\t\t<\/span>\n\t\t\t\t\t<\/h3>\n\t\t\t\t\n\t\t\t\t\t\t\t\t\t<p class=\"elementor-icon-box-description\">\n\t\t\t\t\t\tNuestro acompa\u00f1amiento profesional, orienta y respalda a nuestros clientes en la toma de decisiones, dando soporte hasta la implementaci\u00f3n final de los productos como soluci\u00f3n a sus necesidades.\t\t\t\t\t<\/p>\n\t\t\t\t\n\t\t\t<\/div>\n\t\t\t\n\t\t<\/div>\n\t\t\t\t\t\t<\/div>\n\t\t\t\t<div class=\"elementor-element elementor-element-481eb01 elementor-position-inline-start elementor-mobile-position-inline-start elementor-view-default elementor-widget elementor-widget-icon-box\" data-id=\"481eb01\" data-element_type=\"widget\" data-e-type=\"widget\" data-widget_type=\"icon-box.default\">\n\t\t\t\t\t\t\t<div class=\"elementor-icon-box-wrapper\">\n\n\t\t\t\t\t\t<div class=\"elementor-icon-box-icon\">\n\t\t\t\t<span  class=\"elementor-icon\">\n\t\t\t\t<svg xmlns=\"http:\/\/www.w3.org\/2000\/svg\" id=\"Capa_2\" viewBox=\"0 0 62.65 74.75\"><g id=\"Capa_1-2\" data-name=\"Capa_1\"><path d=\"M62.6,0c-10.83,9.73-19.92,20.93-27.91,33.05-1.51,2.29-2.85,4.68-4.06,7.14-.31.64-.28,1.08.2,1.62,5.61,6.37,11.2,12.75,16.78,19.14.33.38.99.77.75,1.28-.2.44-.9.19-1.38.19-2.47.02-4.95-.02-7.42.03-.84.02-1.42-.25-1.97-.88-3.46-4-6.95-7.98-10.42-11.97-1.1-1.26-1.12-1.27-1.69.33-1.31,3.69-2.66,7.38-3.73,11.15-.28,1-.75,1.44-1.84,1.38-1.59-.09-3.2-.05-4.79-.01-.86.02-1.23-.26-1.23-1.17.02-11.92.02-23.84,0-35.76,0-.85.34-1.14,1.16-1.12,1.67.04,3.35.05,5.02,0,.96-.03,1.24.36,1.24,1.28-.03,5.37-.01,10.74.14,16.16.26-.6.53-1.19.79-1.79,2.98-6.85,7.04-13.05,11.44-19.05.16-.21.33-.42.47-.64.14-.21.44-.4.29-.69-.14-.28-.47-.19-.73-.19-8.37,0-16.75,0-25.12-.02-1.12,0-1.07.68-1.07,1.44,0,7.39,0,14.77,0,22.16,0,7.46,0,14.93,0,22.39,0,1.74,0,1.75,1.68,1.75,14.81,0,29.61,0,44.42,0,1.6,0,1.6,0,1.61-1.57,0-14.85,0-29.7,0-44.55,0-1.6,0-1.6-1.55-1.6-1.87,0-3.73,0-5.6,0-.29,0-.66.12-.82-.23-.15-.33.15-.57.34-.79,1.68-1.97,3.37-3.93,5.05-5.9.33-.38.75-.47,1.23-.47,2.51,0,5.02.03,7.54,0,.88-.01,1.23.3,1.21,1.2-.04,1.75-.01,3.5-.01,5.25,0,18.09,0,36.17,0,54.26q0,1.97-1.91,1.97c-19.6,0-39.2,0-58.81,0q-1.93,0-1.93-1.96c0-19.61,0-39.22,0-58.83q0-1.88,1.88-1.89c12.26,0,24.51-.02,36.77.03,1.49,0,2.5-.36,3.5-1.55,3.18-3.79,6.63-7.34,10.41-10.55h10.05Z\"><\/path><\/g><\/svg>\t\t\t\t<\/span>\n\t\t\t<\/div>\n\t\t\t\n\t\t\t\t\t\t<div class=\"elementor-icon-box-content\">\n\n\t\t\t\t\t\t\t\t\t<h3 class=\"elementor-icon-box-title\">\n\t\t\t\t\t\t<span  >\n\t\t\t\t\t\t\tM\u00e1s all\u00e1 de ser una empresa de dotaci\u00f3n hospitalaria, somos una empresa dedicada a dar un \u00f3ptimo soporte.\u200b\t\t\t\t\t\t<\/span>\n\t\t\t\t\t<\/h3>\n\t\t\t\t\n\t\t\t\t\t\t\t\t\t<p class=\"elementor-icon-box-description\">\n\t\t\t\t\t\tProkontrol SAS, es su m\u00e1s importante aliado en la toma de Decisiones de Confianza, y es all\u00ed donde nuestros clientes encuentran un planteamiento distinto al tradicional. Nos especializamos en las \u00e1reas de Cirug\u00eda, Endovascular, Central de Esterilizaci\u00f3n, Recuperaci\u00f3n <br>y Tratamiento de Pacientes.\t\t\t\t\t<\/p>\n\t\t\t\t\n\t\t\t<\/div>\n\t\t\t\n\t\t<\/div>\n\t\t\t\t\t\t<\/div>\n\t\t\t\t<div class=\"elementor-element elementor-element-fa46f41 elementor-position-inline-start elementor-mobile-position-inline-start elementor-view-default elementor-widget elementor-widget-icon-box\" data-id=\"fa46f41\" data-element_type=\"widget\" data-e-type=\"widget\" data-widget_type=\"icon-box.default\">\n\t\t\t\t\t\t\t<div class=\"elementor-icon-box-wrapper\">\n\n\t\t\t\t\t\t<div class=\"elementor-icon-box-icon\">\n\t\t\t\t<span  class=\"elementor-icon\">\n\t\t\t\t<svg xmlns=\"http:\/\/www.w3.org\/2000\/svg\" id=\"Capa_2\" viewBox=\"0 0 62.65 74.75\"><g id=\"Capa_1-2\" data-name=\"Capa_1\"><path d=\"M62.6,0c-10.83,9.73-19.92,20.93-27.91,33.05-1.51,2.29-2.85,4.68-4.06,7.14-.31.64-.28,1.08.2,1.62,5.61,6.37,11.2,12.75,16.78,19.14.33.38.99.77.75,1.28-.2.44-.9.19-1.38.19-2.47.02-4.95-.02-7.42.03-.84.02-1.42-.25-1.97-.88-3.46-4-6.95-7.98-10.42-11.97-1.1-1.26-1.12-1.27-1.69.33-1.31,3.69-2.66,7.38-3.73,11.15-.28,1-.75,1.44-1.84,1.38-1.59-.09-3.2-.05-4.79-.01-.86.02-1.23-.26-1.23-1.17.02-11.92.02-23.84,0-35.76,0-.85.34-1.14,1.16-1.12,1.67.04,3.35.05,5.02,0,.96-.03,1.24.36,1.24,1.28-.03,5.37-.01,10.74.14,16.16.26-.6.53-1.19.79-1.79,2.98-6.85,7.04-13.05,11.44-19.05.16-.21.33-.42.47-.64.14-.21.44-.4.29-.69-.14-.28-.47-.19-.73-.19-8.37,0-16.75,0-25.12-.02-1.12,0-1.07.68-1.07,1.44,0,7.39,0,14.77,0,22.16,0,7.46,0,14.93,0,22.39,0,1.74,0,1.75,1.68,1.75,14.81,0,29.61,0,44.42,0,1.6,0,1.6,0,1.61-1.57,0-14.85,0-29.7,0-44.55,0-1.6,0-1.6-1.55-1.6-1.87,0-3.73,0-5.6,0-.29,0-.66.12-.82-.23-.15-.33.15-.57.34-.79,1.68-1.97,3.37-3.93,5.05-5.9.33-.38.75-.47,1.23-.47,2.51,0,5.02.03,7.54,0,.88-.01,1.23.3,1.21,1.2-.04,1.75-.01,3.5-.01,5.25,0,18.09,0,36.17,0,54.26q0,1.97-1.91,1.97c-19.6,0-39.2,0-58.81,0q-1.93,0-1.93-1.96c0-19.61,0-39.22,0-58.83q0-1.88,1.88-1.89c12.26,0,24.51-.02,36.77.03,1.49,0,2.5-.36,3.5-1.55,3.18-3.79,6.63-7.34,10.41-10.55h10.05Z\"><\/path><\/g><\/svg>\t\t\t\t<\/span>\n\t\t\t<\/div>\n\t\t\t\n\t\t\t\t\t\t<div class=\"elementor-icon-box-content\">\n\n\t\t\t\t\t\t\t\t\t<h3 class=\"elementor-icon-box-title\">\n\t\t\t\t\t\t<span  >\n\t\t\t\t\t\t\tNos enfocamos en otorgar el mejor servicio, generando v\u00ednculos de confianza a largo plazo.\u200b\t\t\t\t\t\t<\/span>\n\t\t\t\t\t<\/h3>\n\t\t\t\t\n\t\t\t\t\t\t\t\t\t<p class=\"elementor-icon-box-description\">\n\t\t\t\t\t\tEs nuestro prop\u00f3sito brindar soluciones innovadoras, liderando procesos de evoluci\u00f3n dentro de las entidades de salud y estando a la vanguardia en cada una de nuestras gestiones. Ofrecemos productos con avances tecnol\u00f3gicos de aplicaci\u00f3n real en beneficio del paciente, cuerpo m\u00e9dico, la instituci\u00f3n y nuestro pa\u00eds en concordancia con el medio ambiente.\t\t\t\t\t<\/p>\n\t\t\t\t\n\t\t\t<\/div>\n\t\t\t\n\t\t<\/div>\n\t\t\t\t\t\t<\/div>\n\t\t\t\t<div class=\"elementor-element elementor-element-219affb elementor-widget__width-auto elementor-widget-mobile__width-inherit elementor-widget-tablet__width-auto elementor-widget elementor-widget-button\" data-id=\"219affb\" data-element_type=\"widget\" data-e-type=\"widget\" data-widget_type=\"button.default\">\n\t\t\t\t\t\t\t\t\t\t<a class=\"elementor-button elementor-button-link elementor-size-sm\" href=\"#contacto\">\n\t\t\t\t\t\t<span class=\"elementor-button-content-wrapper\">\n\t\t\t\t\t\t\t\t\t<span class=\"elementor-button-text\">Cont\u00e1ctenos<\/span>\n\t\t\t\t\t<\/span>\n\t\t\t\t\t<\/a>\n\t\t\t\t\t\t\t\t<\/div>\n\t\t\t\t\t<\/div>\n\t\t<\/div>\n\t\t\t\t\t<\/div>\n\t\t<\/section>\n\t\t\t\t\t<\/div>\n\t\t<\/div>\n\t\t\t\t<div class=\"elementor-column elementor-col-50 elementor-top-column elementor-element elementor-element-d7cc013\" data-id=\"d7cc013\" data-element_type=\"column\" data-e-type=\"column\" data-settings=\"{&quot;background_background&quot;:&quot;classic&quot;}\">\n\t\t\t<div class=\"elementor-widget-wrap elementor-element-populated\">\n\t\t\t\t\t\t<div class=\"elementor-element elementor-element-e5e565c elementor-widget elementor-widget-spacer\" data-id=\"e5e565c\" data-element_type=\"widget\" data-e-type=\"widget\" data-widget_type=\"spacer.default\">\n\t\t\t\t\t\t\t<div class=\"elementor-spacer\">\n\t\t\t<div class=\"elementor-spacer-inner\"><\/div>\n\t\t<\/div>\n\t\t\t\t\t\t<\/div>\n\t\t\t\t\t<\/div>\n\t\t<\/div>\n\t\t\t\t\t<\/div>\n\t\t<\/section>\n\t\t\t\t<\/div>\n\t\t","protected":false},"excerpt":{"rendered":"<p>Nosotros \u00bfPor qu\u00e9 elegirnos? Prokontrol SAS es una organizaci\u00f3n que se preocupa por dar soluciones a sus clientes, entendemos cada&#8230;<\/p>","protected":false},"author":1,"featured_media":0,"parent":0,"menu_order":0,"comment_status":"closed","ping_status":"closed","template":"elementor_header_footer","meta":{"om_disable_all_campaigns":false,"_monsterinsights_skip_tracking":false,"_monsterinsights_sitenote_active":false,"_monsterinsights_sitenote_note":"","_monsterinsights_sitenote_category":0,"_uf_show_specific_survey":0,"_uf_disable_surveys":false,"footnotes":""},"class_list":["post-85","page","type-page","status-publish","hentry"],"aioseo_notices":[],"yoast_head":"<!-- This site is optimized with the Yoast SEO Premium plugin v21.5 (Yoast SEO v27.4) - https:\/\/yoast.com\/product\/yoast-seo-premium-wordpress\/ -->\n<title>Nosotros - Prokontrol<\/title>\n<meta name=\"description\" content=\"En Prokontrol brindamos soluciones hospitalarias innovadoras, respaldando la toma de decisiones y ofreciendo productos en cirug\u00eda, esterilizaci\u00f3n y dotaci\u00f3n.\" \/>\n<meta name=\"robots\" content=\"index, follow, max-snippet:-1, max-image-preview:large, max-video-preview:-1\" \/>\n<link rel=\"canonical\" href=\"https:\/\/www.prokontrol.com.co\/en\/nosotros\/\" \/>\n<meta property=\"og:locale\" content=\"en_US\" \/>\n<meta property=\"og:type\" content=\"article\" \/>\n<meta property=\"og:title\" content=\"Nosotros\" \/>\n<meta property=\"og:description\" content=\"En Prokontrol brindamos soluciones hospitalarias innovadoras, respaldando la toma de decisiones y ofreciendo productos en cirug\u00eda, esterilizaci\u00f3n y dotaci\u00f3n.\" \/>\n<meta property=\"og:url\" content=\"https:\/\/www.prokontrol.com.co\/en\/nosotros\/\" \/>\n<meta property=\"og:site_name\" content=\"Prokontrol\" \/>\n<meta property=\"article:publisher\" content=\"https:\/\/www.facebook.com\/prokontrol.colombia\/\" \/>\n<meta property=\"article:modified_time\" content=\"2024-11-08T17:14:19+00:00\" \/>\n<meta property=\"og:image\" content=\"https:\/\/www.prokontrol.com.co\/wp-content\/uploads\/2024\/08\/descarga-1.jpg\" \/>\n\t<meta property=\"og:image:width\" content=\"1600\" \/>\n\t<meta property=\"og:image:height\" content=\"819\" \/>\n\t<meta property=\"og:image:type\" content=\"image\/jpeg\" \/>\n<meta name=\"twitter:card\" content=\"summary_large_image\" \/>\n<meta name=\"twitter:label1\" content=\"Est. reading time\" \/>\n\t<meta name=\"twitter:data1\" content=\"1 minute\" \/>\n<script type=\"application\/ld+json\" class=\"yoast-schema-graph\">{\"@context\":\"https:\\\/\\\/schema.org\",\"@graph\":[{\"@type\":\"WebPage\",\"@id\":\"https:\\\/\\\/www.prokontrol.com.co\\\/nosotros\\\/\",\"url\":\"https:\\\/\\\/www.prokontrol.com.co\\\/nosotros\\\/\",\"name\":\"Nosotros - Prokontrol\",\"isPartOf\":{\"@id\":\"https:\\\/\\\/www.prokontrol.com.co\\\/#website\"},\"datePublished\":\"2023-03-09T12:53:47+00:00\",\"dateModified\":\"2024-11-08T17:14:19+00:00\",\"description\":\"En Prokontrol brindamos soluciones hospitalarias innovadoras, respaldando la toma de decisiones y ofreciendo productos en cirug\u00eda, esterilizaci\u00f3n y dotaci\u00f3n.\",\"breadcrumb\":{\"@id\":\"https:\\\/\\\/www.prokontrol.com.co\\\/nosotros\\\/#breadcrumb\"},\"inLanguage\":\"en-US\",\"potentialAction\":[{\"@type\":\"ReadAction\",\"target\":[\"https:\\\/\\\/www.prokontrol.com.co\\\/nosotros\\\/\"]}]},{\"@type\":\"BreadcrumbList\",\"@id\":\"https:\\\/\\\/www.prokontrol.com.co\\\/nosotros\\\/#breadcrumb\",\"itemListElement\":[{\"@type\":\"ListItem\",\"position\":1,\"name\":\"Inicio\",\"item\":\"https:\\\/\\\/www.prokontrol.com.co\\\/\"},{\"@type\":\"ListItem\",\"position\":2,\"name\":\"Nosotros\"}]},{\"@type\":\"WebSite\",\"@id\":\"https:\\\/\\\/www.prokontrol.com.co\\\/#website\",\"url\":\"https:\\\/\\\/www.prokontrol.com.co\\\/\",\"name\":\"Prokontrol\",\"description\":\"Prokontrol SAS es el resultado de una alianza estrat\u00e9gica entre profesionales del \u00e1rea de la salud con una amplia trayectoria, experiencia y prestigio en la comercializaci\u00f3n e implementaci\u00f3n de productos m\u00e9dico-quir\u00fargicos y hospitalarios.\",\"publisher\":{\"@id\":\"https:\\\/\\\/www.prokontrol.com.co\\\/#organization\"},\"potentialAction\":[{\"@type\":\"SearchAction\",\"target\":{\"@type\":\"EntryPoint\",\"urlTemplate\":\"https:\\\/\\\/www.prokontrol.com.co\\\/?s={search_term_string}\"},\"query-input\":{\"@type\":\"PropertyValueSpecification\",\"valueRequired\":true,\"valueName\":\"search_term_string\"}}],\"inLanguage\":\"en-US\"},{\"@type\":\"Organization\",\"@id\":\"https:\\\/\\\/www.prokontrol.com.co\\\/#organization\",\"name\":\"Prokontrol\",\"url\":\"https:\\\/\\\/www.prokontrol.com.co\\\/\",\"logo\":{\"@type\":\"ImageObject\",\"inLanguage\":\"en-US\",\"@id\":\"https:\\\/\\\/www.prokontrol.com.co\\\/#\\\/schema\\\/logo\\\/image\\\/\",\"url\":\"https:\\\/\\\/www.prokontrol.com.co\\\/wp-content\\\/uploads\\\/2023\\\/03\\\/cropped-logo-color.png\",\"contentUrl\":\"https:\\\/\\\/www.prokontrol.com.co\\\/wp-content\\\/uploads\\\/2023\\\/03\\\/cropped-logo-color.png\",\"width\":1051,\"height\":313,\"caption\":\"Prokontrol\"},\"image\":{\"@id\":\"https:\\\/\\\/www.prokontrol.com.co\\\/#\\\/schema\\\/logo\\\/image\\\/\"},\"sameAs\":[\"https:\\\/\\\/www.facebook.com\\\/prokontrol.colombia\\\/\",\"https:\\\/\\\/www.linkedin.com\\\/company\\\/prokontrol-sas\\\/?originalSubdomain=co\"]}]}<\/script>\n<!-- \/ Yoast SEO Premium plugin. -->","yoast_head_json":{"title":"Nosotros - Prokontrol","description":"En Prokontrol brindamos soluciones hospitalarias innovadoras, respaldando la toma de decisiones y ofreciendo productos en cirug\u00eda, esterilizaci\u00f3n y dotaci\u00f3n.","robots":{"index":"index","follow":"follow","max-snippet":"max-snippet:-1","max-image-preview":"max-image-preview:large","max-video-preview":"max-video-preview:-1"},"canonical":"https:\/\/www.prokontrol.com.co\/en\/nosotros\/","og_locale":"en_US","og_type":"article","og_title":"Nosotros","og_description":"En Prokontrol brindamos soluciones hospitalarias innovadoras, respaldando la toma de decisiones y ofreciendo productos en cirug\u00eda, esterilizaci\u00f3n y dotaci\u00f3n.","og_url":"https:\/\/www.prokontrol.com.co\/en\/nosotros\/","og_site_name":"Prokontrol","article_publisher":"https:\/\/www.facebook.com\/prokontrol.colombia\/","article_modified_time":"2024-11-08T17:14:19+00:00","og_image":[{"width":1600,"height":819,"url":"https:\/\/www.prokontrol.com.co\/wp-content\/uploads\/2024\/08\/descarga-1.jpg","type":"image\/jpeg"}],"twitter_card":"summary_large_image","twitter_misc":{"Est. reading time":"1 minute"},"schema":{"@context":"https:\/\/schema.org","@graph":[{"@type":"WebPage","@id":"https:\/\/www.prokontrol.com.co\/nosotros\/","url":"https:\/\/www.prokontrol.com.co\/nosotros\/","name":"Nosotros - Prokontrol","isPartOf":{"@id":"https:\/\/www.prokontrol.com.co\/#website"},"datePublished":"2023-03-09T12:53:47+00:00","dateModified":"2024-11-08T17:14:19+00:00","description":"En Prokontrol brindamos soluciones hospitalarias innovadoras, respaldando la toma de decisiones y ofreciendo productos en cirug\u00eda, esterilizaci\u00f3n y dotaci\u00f3n.","breadcrumb":{"@id":"https:\/\/www.prokontrol.com.co\/nosotros\/#breadcrumb"},"inLanguage":"en-US","potentialAction":[{"@type":"ReadAction","target":["https:\/\/www.prokontrol.com.co\/nosotros\/"]}]},{"@type":"BreadcrumbList","@id":"https:\/\/www.prokontrol.com.co\/nosotros\/#breadcrumb","itemListElement":[{"@type":"ListItem","position":1,"name":"Inicio","item":"https:\/\/www.prokontrol.com.co\/"},{"@type":"ListItem","position":2,"name":"Nosotros"}]},{"@type":"WebSite","@id":"https:\/\/www.prokontrol.com.co\/#website","url":"https:\/\/www.prokontrol.com.co\/","name":"Prokontrol","description":"Prokontrol SAS es el resultado de una alianza estrat\u00e9gica entre profesionales del \u00e1rea de la salud con una amplia trayectoria, experiencia y prestigio en la comercializaci\u00f3n e implementaci\u00f3n de productos m\u00e9dico-quir\u00fargicos y hospitalarios.","publisher":{"@id":"https:\/\/www.prokontrol.com.co\/#organization"},"potentialAction":[{"@type":"SearchAction","target":{"@type":"EntryPoint","urlTemplate":"https:\/\/www.prokontrol.com.co\/?s={search_term_string}"},"query-input":{"@type":"PropertyValueSpecification","valueRequired":true,"valueName":"search_term_string"}}],"inLanguage":"en-US"},{"@type":"Organization","@id":"https:\/\/www.prokontrol.com.co\/#organization","name":"Prokontrol","url":"https:\/\/www.prokontrol.com.co\/","logo":{"@type":"ImageObject","inLanguage":"en-US","@id":"https:\/\/www.prokontrol.com.co\/#\/schema\/logo\/image\/","url":"https:\/\/www.prokontrol.com.co\/wp-content\/uploads\/2023\/03\/cropped-logo-color.png","contentUrl":"https:\/\/www.prokontrol.com.co\/wp-content\/uploads\/2023\/03\/cropped-logo-color.png","width":1051,"height":313,"caption":"Prokontrol"},"image":{"@id":"https:\/\/www.prokontrol.com.co\/#\/schema\/logo\/image\/"},"sameAs":["https:\/\/www.facebook.com\/prokontrol.colombia\/","https:\/\/www.linkedin.com\/company\/prokontrol-sas\/?originalSubdomain=co"]}]}},"_links":{"self":[{"href":"https:\/\/www.prokontrol.com.co\/en\/wp-json\/wp\/v2\/pages\/85","targetHints":{"allow":["GET"]}}],"collection":[{"href":"https:\/\/www.prokontrol.com.co\/en\/wp-json\/wp\/v2\/pages"}],"about":[{"href":"https:\/\/www.prokontrol.com.co\/en\/wp-json\/wp\/v2\/types\/page"}],"author":[{"embeddable":true,"href":"https:\/\/www.prokontrol.com.co\/en\/wp-json\/wp\/v2\/users\/1"}],"replies":[{"embeddable":true,"href":"https:\/\/www.prokontrol.com.co\/en\/wp-json\/wp\/v2\/comments?post=85"}],"version-history":[{"count":7,"href":"https:\/\/www.prokontrol.com.co\/en\/wp-json\/wp\/v2\/pages\/85\/revisions"}],"predecessor-version":[{"id":989681,"href":"https:\/\/www.prokontrol.com.co\/en\/wp-json\/wp\/v2\/pages\/85\/revisions\/989681"}],"wp:attachment":[{"href":"https:\/\/www.prokontrol.com.co\/en\/wp-json\/wp\/v2\/media?parent=85"}],"curies":[{"name":"wp","href":"https:\/\/api.w.org\/{rel}","templated":true}]}}